{"id":4437,"date":"2017-05-04T16:14:07","date_gmt":"2017-05-04T16:14:07","guid":{"rendered":"http:\/\/basorlegi.eus\/?post_type=product&#038;p=4437"},"modified":"2024-12-10T10:59:03","modified_gmt":"2024-12-10T09:59:03","slug":"basoeko-33","status":"publish","type":"product","link":"https:\/\/basorlegi.eus\/es\/producto\/basoeko-33\/","title":{"rendered":"Basoeko 33"},"content":{"rendered":"<p><strong><span style=\"color: #88c425;\">IMPRESI\u00d3N<\/span><\/strong><\/p>\n<p>Impresi\u00f3n a un color y a todo color. Medidas de impresi\u00f3n: 240&#215;55 mm<\/p>\n<p><img loading=\"lazy\" decoding=\"async\" class=\"alignnone size-full wp-image-4476\" src=\"https:\/\/basorlegi.eus\/wp-content\/uploads\/2017\/05\/33-IMPRESION.jpg\" alt=\"\" width=\"250\" height=\"99\" \/><\/p>\n<hr align=\"left\" width=\"25%\" \/>\n<p><strong><span style=\"color: #88c425;\">CARACTER\u00cdSTICAS DEL PRODUCTO<\/span><\/strong><\/p>\n<p>Material: Polipropileno<\/p>\n<p>Peso: 24 grs<\/p>\n<p>Colores vaso:\u00a0\u00a0 <img loading=\"lazy\" decoding=\"async\" class=\"alignnone size-full wp-image-4225\" src=\"https:\/\/basorlegi.eus\/wp-content\/uploads\/2017\/05\/colores-vaso.gif\" alt=\"\" width=\"114\" height=\"15\" \/><\/p>\n<p>Medidas: 85x86x71 mm<\/p>\n<p><img loading=\"lazy\" decoding=\"async\" class=\"alignnone size-full wp-image-4477\" src=\"https:\/\/basorlegi.eus\/wp-content\/uploads\/2017\/05\/33-MEDIDAS.jpg\" alt=\"\" width=\"150\" height=\"118\" \/><\/p>\n<hr align=\"left\" width=\"25%\" \/>\n<p><strong><span style=\"color: #88c425;\">INFORMACI\u00d3N DE ENV\u00cdO<\/span><\/strong><\/p>\n<p>Env\u00edos por caja de 300 unidades.<\/p>\n<p>Dimensiones caja: 54x37x28 cm; Peso caja: 10 kg<\/p>\n<p>Las fechas de entrega var\u00edan dependiendo de si quieres el pedido personalizado o sin personalizar. Una vez realizado el pedido y que nos hallas dado el visto bueno a la estampaci\u00f3n, lo recibir\u00e1s en quince d\u00edas. Si hubiera alg\u00fan retraso te lo indicaremos inmediatamente. Igualmente, si necesitas el producto para una determinada fecha anterior al plazo indicado, cont\u00e1ctanos e intentaremos solucionarlo.<\/p>\n","protected":false},"excerpt":{"rendered":"<p><strong><span style=\"color: #88c425;\">Precio por caja de 300 unidades.<\/span><br \/>\nVaso reutilizable de 33 cl.<\/strong><\/p>\n","protected":false},"featured_media":6600,"template":"","meta":{"_et_pb_use_builder":"off","_et_pb_old_content":"<strong><span style=\"color: #88c425\">IMPRESI\u00d3N\r\n<\/span><\/strong>Impresi\u00f3n a un color y a todo color.\r\nMedidas de impresi\u00f3n: 240x55 mm\r\n\r\n<img class=\"alignnone size-full wp-image-4476\" src=\"https:\/\/basorlegi.eus\/wp-content\/uploads\/2017\/05\/33-IMPRESION.jpg\" alt=\"\" width=\"250\" height=\"99\" \/>\r\n\r\n<hr align=\"left\" width=\"25%\" \/>\r\n\r\n<strong><span style=\"color: #88c425\">CARACTER\u00cdSTICAS DEL PRODUCTO<\/span>\r\n<\/strong>Material: Polipropileno\r\nPeso: 24 grs\r\nColores vaso:\u00a0\u00a0 <img class=\"alignnone size-full wp-image-4225\" src=\"https:\/\/basorlegi.eus\/wp-content\/uploads\/2017\/05\/colores-vaso.gif\" alt=\"\" width=\"114\" height=\"15\" \/>\r\nMedidas: 85x86x71 mm\r\n\r\n<img class=\"alignnone size-full wp-image-4477\" src=\"https:\/\/basorlegi.eus\/wp-content\/uploads\/2017\/05\/33-MEDIDAS.jpg\" alt=\"\" width=\"150\" height=\"118\" \/>\r\n\r\n<hr align=\"left\" width=\"25%\" \/>\r\n\r\n<strong><span style=\"color: #88c425\">INFORMACI\u00d3N DE ENV\u00cdO<\/span>\r\n<\/strong>Envios por caja de 300 unidades.\r\nDimensiones caja: 54x37x28 cm; Peso caja: 10 kg\r\n\r\nLas fechas de entrega var\u00edan dependiendo de si quieres el pedido personalizado o sin personalizar. Una vez realizado el pedido y que nos hallas dado el visto bueno a la estampaci\u00f3n, lo recibir\u00e1s en quince d\u00edas. Si hubiera alg\u00fan retraso te lo indicaremos inmediatamente. Igualmente, si necesitas el producto para una determinada fecha anterior al plazo indicado, cont\u00e1ctanos e intentaremos solucionarlo.","_et_gb_content_width":""},"product_cat":[171],"product_tag":[],"yoast_head":"<!-- This site is optimized with the Yoast SEO plugin v23.5 - https:\/\/yoast.com\/wordpress\/plugins\/seo\/ -->\n<title>Basoeko 33 - Basorlegi<\/title>\n<meta name=\"robots\" content=\"index, follow, max-snippet:-1, max-image-preview:large, max-video-preview:-1\" \/>\n<link rel=\"canonical\" href=\"https:\/\/basorlegi.eus\/es\/producto\/basoeko-33\/\" \/>\n<meta property=\"og:locale\" content=\"es_ES\" \/>\n<meta property=\"og:type\" content=\"article\" \/>\n<meta property=\"og:title\" content=\"Basoeko 33 - Basorlegi\" \/>\n<meta property=\"og:description\" content=\"Precio por caja de 300 unidades. Vaso reutilizable de 33 cl.\" \/>\n<meta property=\"og:url\" content=\"https:\/\/basorlegi.eus\/es\/producto\/basoeko-33\/\" \/>\n<meta property=\"og:site_name\" content=\"Basorlegi\" \/>\n<meta property=\"article:modified_time\" content=\"2024-12-10T09:59:03+00:00\" \/>\n<meta property=\"og:image\" content=\"https:\/\/basorlegi.eus\/wp-content\/uploads\/2017\/05\/BASOEKO_33.jpg\" \/>\n\t<meta property=\"og:image:width\" content=\"900\" \/>\n\t<meta property=\"og:image:height\" content=\"900\" \/>\n\t<meta property=\"og:image:type\" content=\"image\/jpeg\" \/>\n<meta name=\"twitter:card\" content=\"summary_large_image\" \/>\n<meta name=\"twitter:label1\" content=\"Tiempo de lectura\" \/>\n\t<meta name=\"twitter:data1\" content=\"2 minutos\" \/>\n<script type=\"application\/ld+json\" class=\"yoast-schema-graph\">{\"@context\":\"https:\/\/schema.org\",\"@graph\":[{\"@type\":\"WebPage\",\"@id\":\"https:\/\/basorlegi.eus\/es\/producto\/basoeko-33\/\",\"url\":\"https:\/\/basorlegi.eus\/es\/producto\/basoeko-33\/\",\"name\":\"Basoeko 33 - Basorlegi\",\"isPartOf\":{\"@id\":\"https:\/\/basorlegi.eus\/#website\"},\"primaryImageOfPage\":{\"@id\":\"https:\/\/basorlegi.eus\/es\/producto\/basoeko-33\/#primaryimage\"},\"image\":{\"@id\":\"https:\/\/basorlegi.eus\/es\/producto\/basoeko-33\/#primaryimage\"},\"thumbnailUrl\":\"https:\/\/basorlegi.eus\/wp-content\/uploads\/2017\/05\/BASOEKO_33.jpg\",\"datePublished\":\"2017-05-04T16:14:07+00:00\",\"dateModified\":\"2024-12-10T09:59:03+00:00\",\"breadcrumb\":{\"@id\":\"https:\/\/basorlegi.eus\/es\/producto\/basoeko-33\/#breadcrumb\"},\"inLanguage\":\"es\",\"potentialAction\":[{\"@type\":\"ReadAction\",\"target\":[\"https:\/\/basorlegi.eus\/es\/producto\/basoeko-33\/\"]}]},{\"@type\":\"ImageObject\",\"inLanguage\":\"es\",\"@id\":\"https:\/\/basorlegi.eus\/es\/producto\/basoeko-33\/#primaryimage\",\"url\":\"https:\/\/basorlegi.eus\/wp-content\/uploads\/2017\/05\/BASOEKO_33.jpg\",\"contentUrl\":\"https:\/\/basorlegi.eus\/wp-content\/uploads\/2017\/05\/BASOEKO_33.jpg\",\"width\":900,\"height\":900},{\"@type\":\"BreadcrumbList\",\"@id\":\"https:\/\/basorlegi.eus\/es\/producto\/basoeko-33\/#breadcrumb\",\"itemListElement\":[{\"@type\":\"ListItem\",\"position\":1,\"name\":\"Portada\",\"item\":\"https:\/\/basorlegi.eus\/es\/\"},{\"@type\":\"ListItem\",\"position\":2,\"name\":\"Productos\",\"item\":\"https:\/\/basorlegi.eus\/es\/productos\/\"},{\"@type\":\"ListItem\",\"position\":3,\"name\":\"Basoeko 33\"}]},{\"@type\":\"WebSite\",\"@id\":\"https:\/\/basorlegi.eus\/#website\",\"url\":\"https:\/\/basorlegi.eus\/\",\"name\":\"Basorlegi\",\"description\":\"Vasos reciclables y reutilizables personalizados\",\"alternateName\":\"Basorlegi\",\"potentialAction\":[{\"@type\":\"SearchAction\",\"target\":{\"@type\":\"EntryPoint\",\"urlTemplate\":\"https:\/\/basorlegi.eus\/?s={search_term_string}\"},\"query-input\":{\"@type\":\"PropertyValueSpecification\",\"valueRequired\":true,\"valueName\":\"search_term_string\"}}],\"inLanguage\":\"es\"}]}<\/script>\n<!-- \/ Yoast SEO plugin. -->","yoast_head_json":{"title":"Basoeko 33 - Basorlegi","robots":{"index":"index","follow":"follow","max-snippet":"max-snippet:-1","max-image-preview":"max-image-preview:large","max-video-preview":"max-video-preview:-1"},"canonical":"https:\/\/basorlegi.eus\/es\/producto\/basoeko-33\/","og_locale":"es_ES","og_type":"article","og_title":"Basoeko 33 - Basorlegi","og_description":"Precio por caja de 300 unidades. Vaso reutilizable de 33 cl.","og_url":"https:\/\/basorlegi.eus\/es\/producto\/basoeko-33\/","og_site_name":"Basorlegi","article_modified_time":"2024-12-10T09:59:03+00:00","og_image":[{"width":900,"height":900,"url":"https:\/\/basorlegi.eus\/wp-content\/uploads\/2017\/05\/BASOEKO_33.jpg","type":"image\/jpeg"}],"twitter_card":"summary_large_image","twitter_misc":{"Tiempo de lectura":"2 minutos"},"schema":{"@context":"https:\/\/schema.org","@graph":[{"@type":"WebPage","@id":"https:\/\/basorlegi.eus\/es\/producto\/basoeko-33\/","url":"https:\/\/basorlegi.eus\/es\/producto\/basoeko-33\/","name":"Basoeko 33 - Basorlegi","isPartOf":{"@id":"https:\/\/basorlegi.eus\/#website"},"primaryImageOfPage":{"@id":"https:\/\/basorlegi.eus\/es\/producto\/basoeko-33\/#primaryimage"},"image":{"@id":"https:\/\/basorlegi.eus\/es\/producto\/basoeko-33\/#primaryimage"},"thumbnailUrl":"https:\/\/basorlegi.eus\/wp-content\/uploads\/2017\/05\/BASOEKO_33.jpg","datePublished":"2017-05-04T16:14:07+00:00","dateModified":"2024-12-10T09:59:03+00:00","breadcrumb":{"@id":"https:\/\/basorlegi.eus\/es\/producto\/basoeko-33\/#breadcrumb"},"inLanguage":"es","potentialAction":[{"@type":"ReadAction","target":["https:\/\/basorlegi.eus\/es\/producto\/basoeko-33\/"]}]},{"@type":"ImageObject","inLanguage":"es","@id":"https:\/\/basorlegi.eus\/es\/producto\/basoeko-33\/#primaryimage","url":"https:\/\/basorlegi.eus\/wp-content\/uploads\/2017\/05\/BASOEKO_33.jpg","contentUrl":"https:\/\/basorlegi.eus\/wp-content\/uploads\/2017\/05\/BASOEKO_33.jpg","width":900,"height":900},{"@type":"BreadcrumbList","@id":"https:\/\/basorlegi.eus\/es\/producto\/basoeko-33\/#breadcrumb","itemListElement":[{"@type":"ListItem","position":1,"name":"Portada","item":"https:\/\/basorlegi.eus\/es\/"},{"@type":"ListItem","position":2,"name":"Productos","item":"https:\/\/basorlegi.eus\/es\/productos\/"},{"@type":"ListItem","position":3,"name":"Basoeko 33"}]},{"@type":"WebSite","@id":"https:\/\/basorlegi.eus\/#website","url":"https:\/\/basorlegi.eus\/","name":"Basorlegi","description":"Vasos reciclables y reutilizables personalizados","alternateName":"Basorlegi","potentialAction":[{"@type":"SearchAction","target":{"@type":"EntryPoint","urlTemplate":"https:\/\/basorlegi.eus\/?s={search_term_string}"},"query-input":{"@type":"PropertyValueSpecification","valueRequired":true,"valueName":"search_term_string"}}],"inLanguage":"es"}]}},"_links":{"self":[{"href":"https:\/\/basorlegi.eus\/es\/wp-json\/wp\/v2\/product\/4437"}],"collection":[{"href":"https:\/\/basorlegi.eus\/es\/wp-json\/wp\/v2\/product"}],"about":[{"href":"https:\/\/basorlegi.eus\/es\/wp-json\/wp\/v2\/types\/product"}],"wp:featuredmedia":[{"embeddable":true,"href":"https:\/\/basorlegi.eus\/es\/wp-json\/wp\/v2\/media\/6600"}],"wp:attachment":[{"href":"https:\/\/basorlegi.eus\/es\/wp-json\/wp\/v2\/media?parent=4437"}],"wp:term":[{"taxonomy":"product_cat","embeddable":true,"href":"https:\/\/basorlegi.eus\/es\/wp-json\/wp\/v2\/product_cat?post=4437"},{"taxonomy":"product_tag","embeddable":true,"href":"https:\/\/basorlegi.eus\/es\/wp-json\/wp\/v2\/product_tag?post=4437"}],"curies":[{"name":"wp","href":"https:\/\/api.w.org\/{rel}","templated":true}]}}