{"id":4709,"date":"2017-05-08T17:54:25","date_gmt":"2017-05-08T17:54:25","guid":{"rendered":"http:\/\/basorlegi.eus\/?post_type=product&#038;p=4709"},"modified":"2024-12-10T11:02:35","modified_gmt":"2024-12-10T10:02:35","slug":"lanyard","status":"publish","type":"product","link":"https:\/\/basorlegi.eus\/es\/producto\/lanyard\/","title":{"rendered":"Lanyard"},"content":{"rendered":"<p><strong><span style=\"color: #88c425;\">CARACTER\u00cdSTICAS DEL PRODUCTO<\/span><\/strong><br \/>\nColores variados lanyard.<\/p>\n<hr align=\"left\" width=\"25%\" \/>\n<p><strong><span style=\"color: #88c425;\">SERIGRAF\u00cdA<\/span><br \/>\n<\/strong>Impresi\u00f3n a un color a partir de 300 unidades.<br \/>\nConsultar precio.<\/p>\n<hr align=\"left\" width=\"25%\" \/>\n<p><strong><span style=\"color: #88c425;\">INFORMACI\u00d3N DE ENV\u00cdO<\/span><br \/>\n<\/strong>Envio m\u00ednimo de 100 unidades.<\/p>\n<p>Las fechas de entrega var\u00edan dependiendo de si quieres el pedido personalizado o sin personalizar. Una vez realizado el pedido y que nos hallas dado el visto bueno a la estampaci\u00f3n, lo recibir\u00e1s en quince d\u00edas. Si hubiera alg\u00fan retraso te lo indicaremos inmediatamente. Igualmente, si necesitas el producto para una determinada fecha anterior al plazo indicado, cont\u00e1ctanos e intentaremos solucionarlo.<\/p>\n","protected":false},"excerpt":{"rendered":"<p><strong><span style=\"color: #88c425;\">Precio de 100 unidades.<\/span><br \/>\n<\/strong><\/p>\n","protected":false},"featured_media":7200,"template":"","meta":{"_et_pb_use_builder":"","_et_pb_old_content":"","_et_gb_content_width":""},"product_cat":[173],"product_tag":[],"yoast_head":"<!-- This site is optimized with the Yoast SEO plugin v23.5 - https:\/\/yoast.com\/wordpress\/plugins\/seo\/ -->\n<title>Lanyard - Basorlegi<\/title>\n<meta name=\"robots\" content=\"index, follow, max-snippet:-1, max-image-preview:large, max-video-preview:-1\" \/>\n<link rel=\"canonical\" href=\"https:\/\/basorlegi.eus\/es\/producto\/lanyard\/\" \/>\n<meta property=\"og:locale\" content=\"es_ES\" \/>\n<meta property=\"og:type\" content=\"article\" \/>\n<meta property=\"og:title\" content=\"Lanyard - Basorlegi\" \/>\n<meta property=\"og:description\" content=\"Precio de 100 unidades.\" \/>\n<meta property=\"og:url\" content=\"https:\/\/basorlegi.eus\/es\/producto\/lanyard\/\" \/>\n<meta property=\"og:site_name\" content=\"Basorlegi\" \/>\n<meta property=\"article:modified_time\" content=\"2024-12-10T10:02:35+00:00\" \/>\n<meta property=\"og:image\" content=\"https:\/\/basorlegi.eus\/wp-content\/uploads\/2017\/05\/LANYARD-1-2.jpg\" \/>\n\t<meta property=\"og:image:width\" content=\"900\" \/>\n\t<meta property=\"og:image:height\" content=\"900\" \/>\n\t<meta property=\"og:image:type\" content=\"image\/jpeg\" \/>\n<meta name=\"twitter:card\" content=\"summary_large_image\" \/>\n<meta name=\"twitter:label1\" content=\"Tiempo de lectura\" \/>\n\t<meta name=\"twitter:data1\" content=\"1 minuto\" \/>\n<script type=\"application\/ld+json\" class=\"yoast-schema-graph\">{\"@context\":\"https:\/\/schema.org\",\"@graph\":[{\"@type\":\"WebPage\",\"@id\":\"https:\/\/basorlegi.eus\/es\/producto\/lanyard\/\",\"url\":\"https:\/\/basorlegi.eus\/es\/producto\/lanyard\/\",\"name\":\"Lanyard - Basorlegi\",\"isPartOf\":{\"@id\":\"https:\/\/basorlegi.eus\/#website\"},\"primaryImageOfPage\":{\"@id\":\"https:\/\/basorlegi.eus\/es\/producto\/lanyard\/#primaryimage\"},\"image\":{\"@id\":\"https:\/\/basorlegi.eus\/es\/producto\/lanyard\/#primaryimage\"},\"thumbnailUrl\":\"https:\/\/basorlegi.eus\/wp-content\/uploads\/2017\/05\/LANYARD-1-2.jpg\",\"datePublished\":\"2017-05-08T17:54:25+00:00\",\"dateModified\":\"2024-12-10T10:02:35+00:00\",\"breadcrumb\":{\"@id\":\"https:\/\/basorlegi.eus\/es\/producto\/lanyard\/#breadcrumb\"},\"inLanguage\":\"es\",\"potentialAction\":[{\"@type\":\"ReadAction\",\"target\":[\"https:\/\/basorlegi.eus\/es\/producto\/lanyard\/\"]}]},{\"@type\":\"ImageObject\",\"inLanguage\":\"es\",\"@id\":\"https:\/\/basorlegi.eus\/es\/producto\/lanyard\/#primaryimage\",\"url\":\"https:\/\/basorlegi.eus\/wp-content\/uploads\/2017\/05\/LANYARD-1-2.jpg\",\"contentUrl\":\"https:\/\/basorlegi.eus\/wp-content\/uploads\/2017\/05\/LANYARD-1-2.jpg\",\"width\":900,\"height\":900},{\"@type\":\"BreadcrumbList\",\"@id\":\"https:\/\/basorlegi.eus\/es\/producto\/lanyard\/#breadcrumb\",\"itemListElement\":[{\"@type\":\"ListItem\",\"position\":1,\"name\":\"Portada\",\"item\":\"https:\/\/basorlegi.eus\/es\/\"},{\"@type\":\"ListItem\",\"position\":2,\"name\":\"Productos\",\"item\":\"https:\/\/basorlegi.eus\/es\/productos\/\"},{\"@type\":\"ListItem\",\"position\":3,\"name\":\"Lanyard\"}]},{\"@type\":\"WebSite\",\"@id\":\"https:\/\/basorlegi.eus\/#website\",\"url\":\"https:\/\/basorlegi.eus\/\",\"name\":\"Basorlegi\",\"description\":\"Vasos reciclables y reutilizables personalizados\",\"alternateName\":\"Basorlegi\",\"potentialAction\":[{\"@type\":\"SearchAction\",\"target\":{\"@type\":\"EntryPoint\",\"urlTemplate\":\"https:\/\/basorlegi.eus\/?s={search_term_string}\"},\"query-input\":{\"@type\":\"PropertyValueSpecification\",\"valueRequired\":true,\"valueName\":\"search_term_string\"}}],\"inLanguage\":\"es\"}]}<\/script>\n<!-- \/ Yoast SEO plugin. -->","yoast_head_json":{"title":"Lanyard - Basorlegi","robots":{"index":"index","follow":"follow","max-snippet":"max-snippet:-1","max-image-preview":"max-image-preview:large","max-video-preview":"max-video-preview:-1"},"canonical":"https:\/\/basorlegi.eus\/es\/producto\/lanyard\/","og_locale":"es_ES","og_type":"article","og_title":"Lanyard - Basorlegi","og_description":"Precio de 100 unidades.","og_url":"https:\/\/basorlegi.eus\/es\/producto\/lanyard\/","og_site_name":"Basorlegi","article_modified_time":"2024-12-10T10:02:35+00:00","og_image":[{"width":900,"height":900,"url":"https:\/\/basorlegi.eus\/wp-content\/uploads\/2017\/05\/LANYARD-1-2.jpg","type":"image\/jpeg"}],"twitter_card":"summary_large_image","twitter_misc":{"Tiempo de lectura":"1 minuto"},"schema":{"@context":"https:\/\/schema.org","@graph":[{"@type":"WebPage","@id":"https:\/\/basorlegi.eus\/es\/producto\/lanyard\/","url":"https:\/\/basorlegi.eus\/es\/producto\/lanyard\/","name":"Lanyard - Basorlegi","isPartOf":{"@id":"https:\/\/basorlegi.eus\/#website"},"primaryImageOfPage":{"@id":"https:\/\/basorlegi.eus\/es\/producto\/lanyard\/#primaryimage"},"image":{"@id":"https:\/\/basorlegi.eus\/es\/producto\/lanyard\/#primaryimage"},"thumbnailUrl":"https:\/\/basorlegi.eus\/wp-content\/uploads\/2017\/05\/LANYARD-1-2.jpg","datePublished":"2017-05-08T17:54:25+00:00","dateModified":"2024-12-10T10:02:35+00:00","breadcrumb":{"@id":"https:\/\/basorlegi.eus\/es\/producto\/lanyard\/#breadcrumb"},"inLanguage":"es","potentialAction":[{"@type":"ReadAction","target":["https:\/\/basorlegi.eus\/es\/producto\/lanyard\/"]}]},{"@type":"ImageObject","inLanguage":"es","@id":"https:\/\/basorlegi.eus\/es\/producto\/lanyard\/#primaryimage","url":"https:\/\/basorlegi.eus\/wp-content\/uploads\/2017\/05\/LANYARD-1-2.jpg","contentUrl":"https:\/\/basorlegi.eus\/wp-content\/uploads\/2017\/05\/LANYARD-1-2.jpg","width":900,"height":900},{"@type":"BreadcrumbList","@id":"https:\/\/basorlegi.eus\/es\/producto\/lanyard\/#breadcrumb","itemListElement":[{"@type":"ListItem","position":1,"name":"Portada","item":"https:\/\/basorlegi.eus\/es\/"},{"@type":"ListItem","position":2,"name":"Productos","item":"https:\/\/basorlegi.eus\/es\/productos\/"},{"@type":"ListItem","position":3,"name":"Lanyard"}]},{"@type":"WebSite","@id":"https:\/\/basorlegi.eus\/#website","url":"https:\/\/basorlegi.eus\/","name":"Basorlegi","description":"Vasos reciclables y reutilizables personalizados","alternateName":"Basorlegi","potentialAction":[{"@type":"SearchAction","target":{"@type":"EntryPoint","urlTemplate":"https:\/\/basorlegi.eus\/?s={search_term_string}"},"query-input":{"@type":"PropertyValueSpecification","valueRequired":true,"valueName":"search_term_string"}}],"inLanguage":"es"}]}},"_links":{"self":[{"href":"https:\/\/basorlegi.eus\/es\/wp-json\/wp\/v2\/product\/4709"}],"collection":[{"href":"https:\/\/basorlegi.eus\/es\/wp-json\/wp\/v2\/product"}],"about":[{"href":"https:\/\/basorlegi.eus\/es\/wp-json\/wp\/v2\/types\/product"}],"wp:featuredmedia":[{"embeddable":true,"href":"https:\/\/basorlegi.eus\/es\/wp-json\/wp\/v2\/media\/7200"}],"wp:attachment":[{"href":"https:\/\/basorlegi.eus\/es\/wp-json\/wp\/v2\/media?parent=4709"}],"wp:term":[{"taxonomy":"product_cat","embeddable":true,"href":"https:\/\/basorlegi.eus\/es\/wp-json\/wp\/v2\/product_cat?post=4709"},{"taxonomy":"product_tag","embeddable":true,"href":"https:\/\/basorlegi.eus\/es\/wp-json\/wp\/v2\/product_tag?post=4709"}],"curies":[{"name":"wp","href":"https:\/\/api.w.org\/{rel}","templated":true}]}}