{"id":4740,"date":"2017-05-09T13:29:57","date_gmt":"2017-05-09T13:29:57","guid":{"rendered":"http:\/\/basorlegi.eus\/?post_type=product&#038;p=4740"},"modified":"2025-01-10T09:10:32","modified_gmt":"2025-01-10T08:10:32","slug":"gin","status":"publish","type":"product","link":"https:\/\/basorlegi.eus\/es\/producto\/gin\/","title":{"rendered":"Gin"},"content":{"rendered":"<p><strong><span style=\"color: #88c425;\">CARACTER\u00cdSTICAS DEL PRODUCTO<\/span><br \/>\n<\/strong>Material: Tritan<br \/>\nPeso: 77 grs<br \/>\nColor: Transparente<br \/>\nMedidas: 85&#215;200 mm<\/p>\n<p><img loading=\"lazy\" decoding=\"async\" class=\"alignnone size-full wp-image-4757\" src=\"https:\/\/basorlegi.eus\/wp-content\/uploads\/2017\/05\/MEDIDAS-GIN.jpg\" alt=\"\" width=\"150\" height=\"150\" srcset=\"https:\/\/basorlegi.eus\/wp-content\/uploads\/2017\/05\/MEDIDAS-GIN.jpg 150w, https:\/\/basorlegi.eus\/wp-content\/uploads\/2017\/05\/MEDIDAS-GIN-100x100.jpg 100w\" sizes=\"(max-width: 150px) 100vw, 150px\" \/><\/p>\n<hr align=\"left\" width=\"25%\" \/>\n<p><strong><span style=\"color: #88c425;\">SERIGRAF\u00cdA<\/span><br \/>\n<\/strong>Impresi\u00f3n a un color<br \/>\nMedidas de impresi\u00f3n: consultar<\/p>\n<hr align=\"left\" width=\"25%\" \/>\n<p><strong><span style=\"color: #88c425;\">INFORMACI\u00d3N DE ENV\u00cdO<\/span><br \/>\n<\/strong>Envios por caja de 24 unidades.<br \/>\nDimensiones caja: 54x37x28 cm; Peso caja: 2 kg<\/p>\n<p>Las fechas de entrega var\u00edan dependiendo de si quieres el pedido personalizado o sin personalizar. Una vez realizado el pedido y que nos hallas dado el visto bueno a la estampaci\u00f3n, lo recibir\u00e1s en quince d\u00edas. Si hubiera alg\u00fan retraso te lo indicaremos inmediatamente. Igualmente, si necesitas el producto para una determinada fecha anterior al plazo indicado, cont\u00e1ctanos e intentaremos solucionarlo.<\/p>\n","protected":false},"excerpt":{"rendered":"<p><strong><span style=\"color: #88c425;\">Caja de 24 unidades.<\/span><br \/>\nCopa ballon reutilizable de 70 cl.<\/strong><br \/>\n<strong>Consultar precios.<br \/>\n<\/strong><\/p>\n","protected":false},"featured_media":8118,"template":"","meta":{"_et_pb_use_builder":"","_et_pb_old_content":"","_et_gb_content_width":""},"product_cat":[172],"product_tag":[],"yoast_head":"<!-- This site is optimized with the Yoast SEO plugin v23.5 - https:\/\/yoast.com\/wordpress\/plugins\/seo\/ -->\n<title>Gin - Basorlegi<\/title>\n<meta name=\"robots\" content=\"index, follow, max-snippet:-1, max-image-preview:large, max-video-preview:-1\" \/>\n<link rel=\"canonical\" href=\"https:\/\/basorlegi.eus\/es\/producto\/gin\/\" \/>\n<meta property=\"og:locale\" content=\"es_ES\" \/>\n<meta property=\"og:type\" content=\"article\" \/>\n<meta property=\"og:title\" content=\"Gin - Basorlegi\" \/>\n<meta property=\"og:description\" content=\"Caja de 24 unidades. Copa ballon reutilizable de 70 cl. Consultar precios.\" \/>\n<meta property=\"og:url\" content=\"https:\/\/basorlegi.eus\/es\/producto\/gin\/\" \/>\n<meta property=\"og:site_name\" content=\"Basorlegi\" \/>\n<meta property=\"article:modified_time\" content=\"2025-01-10T08:10:32+00:00\" \/>\n<meta property=\"og:image\" content=\"https:\/\/basorlegi.eus\/wp-content\/uploads\/2025\/01\/Gin.png\" \/>\n\t<meta property=\"og:image:width\" content=\"1876\" \/>\n\t<meta property=\"og:image:height\" content=\"1876\" \/>\n\t<meta property=\"og:image:type\" content=\"image\/png\" \/>\n<meta name=\"twitter:card\" content=\"summary_large_image\" \/>\n<meta name=\"twitter:label1\" content=\"Tiempo de lectura\" \/>\n\t<meta name=\"twitter:data1\" content=\"1 minuto\" \/>\n<script type=\"application\/ld+json\" class=\"yoast-schema-graph\">{\"@context\":\"https:\/\/schema.org\",\"@graph\":[{\"@type\":\"WebPage\",\"@id\":\"https:\/\/basorlegi.eus\/es\/producto\/gin\/\",\"url\":\"https:\/\/basorlegi.eus\/es\/producto\/gin\/\",\"name\":\"Gin - Basorlegi\",\"isPartOf\":{\"@id\":\"https:\/\/basorlegi.eus\/#website\"},\"primaryImageOfPage\":{\"@id\":\"https:\/\/basorlegi.eus\/es\/producto\/gin\/#primaryimage\"},\"image\":{\"@id\":\"https:\/\/basorlegi.eus\/es\/producto\/gin\/#primaryimage\"},\"thumbnailUrl\":\"https:\/\/basorlegi.eus\/wp-content\/uploads\/2025\/01\/Gin.png\",\"datePublished\":\"2017-05-09T13:29:57+00:00\",\"dateModified\":\"2025-01-10T08:10:32+00:00\",\"breadcrumb\":{\"@id\":\"https:\/\/basorlegi.eus\/es\/producto\/gin\/#breadcrumb\"},\"inLanguage\":\"es\",\"potentialAction\":[{\"@type\":\"ReadAction\",\"target\":[\"https:\/\/basorlegi.eus\/es\/producto\/gin\/\"]}]},{\"@type\":\"ImageObject\",\"inLanguage\":\"es\",\"@id\":\"https:\/\/basorlegi.eus\/es\/producto\/gin\/#primaryimage\",\"url\":\"https:\/\/basorlegi.eus\/wp-content\/uploads\/2025\/01\/Gin.png\",\"contentUrl\":\"https:\/\/basorlegi.eus\/wp-content\/uploads\/2025\/01\/Gin.png\",\"width\":1876,\"height\":1876},{\"@type\":\"BreadcrumbList\",\"@id\":\"https:\/\/basorlegi.eus\/es\/producto\/gin\/#breadcrumb\",\"itemListElement\":[{\"@type\":\"ListItem\",\"position\":1,\"name\":\"Portada\",\"item\":\"https:\/\/basorlegi.eus\/es\/\"},{\"@type\":\"ListItem\",\"position\":2,\"name\":\"Productos\",\"item\":\"https:\/\/basorlegi.eus\/es\/productos\/\"},{\"@type\":\"ListItem\",\"position\":3,\"name\":\"Gin\"}]},{\"@type\":\"WebSite\",\"@id\":\"https:\/\/basorlegi.eus\/#website\",\"url\":\"https:\/\/basorlegi.eus\/\",\"name\":\"Basorlegi\",\"description\":\"Vasos reciclables y reutilizables personalizados\",\"alternateName\":\"Basorlegi\",\"potentialAction\":[{\"@type\":\"SearchAction\",\"target\":{\"@type\":\"EntryPoint\",\"urlTemplate\":\"https:\/\/basorlegi.eus\/?s={search_term_string}\"},\"query-input\":{\"@type\":\"PropertyValueSpecification\",\"valueRequired\":true,\"valueName\":\"search_term_string\"}}],\"inLanguage\":\"es\"}]}<\/script>\n<!-- \/ Yoast SEO plugin. -->","yoast_head_json":{"title":"Gin - Basorlegi","robots":{"index":"index","follow":"follow","max-snippet":"max-snippet:-1","max-image-preview":"max-image-preview:large","max-video-preview":"max-video-preview:-1"},"canonical":"https:\/\/basorlegi.eus\/es\/producto\/gin\/","og_locale":"es_ES","og_type":"article","og_title":"Gin - Basorlegi","og_description":"Caja de 24 unidades. Copa ballon reutilizable de 70 cl. Consultar precios.","og_url":"https:\/\/basorlegi.eus\/es\/producto\/gin\/","og_site_name":"Basorlegi","article_modified_time":"2025-01-10T08:10:32+00:00","og_image":[{"width":1876,"height":1876,"url":"https:\/\/basorlegi.eus\/wp-content\/uploads\/2025\/01\/Gin.png","type":"image\/png"}],"twitter_card":"summary_large_image","twitter_misc":{"Tiempo de lectura":"1 minuto"},"schema":{"@context":"https:\/\/schema.org","@graph":[{"@type":"WebPage","@id":"https:\/\/basorlegi.eus\/es\/producto\/gin\/","url":"https:\/\/basorlegi.eus\/es\/producto\/gin\/","name":"Gin - Basorlegi","isPartOf":{"@id":"https:\/\/basorlegi.eus\/#website"},"primaryImageOfPage":{"@id":"https:\/\/basorlegi.eus\/es\/producto\/gin\/#primaryimage"},"image":{"@id":"https:\/\/basorlegi.eus\/es\/producto\/gin\/#primaryimage"},"thumbnailUrl":"https:\/\/basorlegi.eus\/wp-content\/uploads\/2025\/01\/Gin.png","datePublished":"2017-05-09T13:29:57+00:00","dateModified":"2025-01-10T08:10:32+00:00","breadcrumb":{"@id":"https:\/\/basorlegi.eus\/es\/producto\/gin\/#breadcrumb"},"inLanguage":"es","potentialAction":[{"@type":"ReadAction","target":["https:\/\/basorlegi.eus\/es\/producto\/gin\/"]}]},{"@type":"ImageObject","inLanguage":"es","@id":"https:\/\/basorlegi.eus\/es\/producto\/gin\/#primaryimage","url":"https:\/\/basorlegi.eus\/wp-content\/uploads\/2025\/01\/Gin.png","contentUrl":"https:\/\/basorlegi.eus\/wp-content\/uploads\/2025\/01\/Gin.png","width":1876,"height":1876},{"@type":"BreadcrumbList","@id":"https:\/\/basorlegi.eus\/es\/producto\/gin\/#breadcrumb","itemListElement":[{"@type":"ListItem","position":1,"name":"Portada","item":"https:\/\/basorlegi.eus\/es\/"},{"@type":"ListItem","position":2,"name":"Productos","item":"https:\/\/basorlegi.eus\/es\/productos\/"},{"@type":"ListItem","position":3,"name":"Gin"}]},{"@type":"WebSite","@id":"https:\/\/basorlegi.eus\/#website","url":"https:\/\/basorlegi.eus\/","name":"Basorlegi","description":"Vasos reciclables y reutilizables personalizados","alternateName":"Basorlegi","potentialAction":[{"@type":"SearchAction","target":{"@type":"EntryPoint","urlTemplate":"https:\/\/basorlegi.eus\/?s={search_term_string}"},"query-input":{"@type":"PropertyValueSpecification","valueRequired":true,"valueName":"search_term_string"}}],"inLanguage":"es"}]}},"_links":{"self":[{"href":"https:\/\/basorlegi.eus\/es\/wp-json\/wp\/v2\/product\/4740"}],"collection":[{"href":"https:\/\/basorlegi.eus\/es\/wp-json\/wp\/v2\/product"}],"about":[{"href":"https:\/\/basorlegi.eus\/es\/wp-json\/wp\/v2\/types\/product"}],"wp:featuredmedia":[{"embeddable":true,"href":"https:\/\/basorlegi.eus\/es\/wp-json\/wp\/v2\/media\/8118"}],"wp:attachment":[{"href":"https:\/\/basorlegi.eus\/es\/wp-json\/wp\/v2\/media?parent=4740"}],"wp:term":[{"taxonomy":"product_cat","embeddable":true,"href":"https:\/\/basorlegi.eus\/es\/wp-json\/wp\/v2\/product_cat?post=4740"},{"taxonomy":"product_tag","embeddable":true,"href":"https:\/\/basorlegi.eus\/es\/wp-json\/wp\/v2\/product_tag?post=4740"}],"curies":[{"name":"wp","href":"https:\/\/api.w.org\/{rel}","templated":true}]}}