{"id":5807,"date":"2017-05-08T14:57:16","date_gmt":"2017-05-08T14:57:16","guid":{"rendered":"https:\/\/basorlegi.eus\/producto\/katxi-100\/"},"modified":"2025-01-08T09:45:34","modified_gmt":"2025-01-08T08:45:34","slug":"katxi-100","status":"publish","type":"product","link":"https:\/\/basorlegi.eus\/es\/producto\/katxi-100\/","title":{"rendered":"Katxi"},"content":{"rendered":"<p><strong><span style=\"color: #88c425;\">IMPRESI\u00d3N<\/span><br \/>\n<\/strong>Impresi\u00f3n a un color y a todo color.<br \/>\nMedidas de impresi\u00f3n: 300&#215;70 mm<\/p>\n<p><img loading=\"lazy\" decoding=\"async\" class=\"alignnone size-full wp-image-7152\" src=\"https:\/\/basorlegi.eus\/wp-content\/uploads\/2017\/05\/100-impresion.jpg\" alt=\"\" width=\"250\" height=\"150\" \/><\/p>\n<hr align=\"left\" width=\"25%\" \/>\n<p><strong><span style=\"color: #88c425;\">CARACTER\u00cdSTICAS DEL PRODUCTO<\/span><br \/>\n<\/strong>Material: Polipropileno<br \/>\nPeso: 71 grs<br \/>\nColores vaso: transl\u00facido<br \/>\nMedidas: 150x151x73 mm<\/p>\n<p><img loading=\"lazy\" decoding=\"async\" class=\"alignnone size-full wp-image-7203\" src=\"https:\/\/basorlegi.eus\/wp-content\/uploads\/2017\/05\/100-katxi-medidas.jpg\" alt=\"\" width=\"150\" height=\"150\" srcset=\"https:\/\/basorlegi.eus\/wp-content\/uploads\/2017\/05\/100-katxi-medidas.jpg 150w, https:\/\/basorlegi.eus\/wp-content\/uploads\/2017\/05\/100-katxi-medidas-100x100.jpg 100w\" sizes=\"(max-width: 150px) 100vw, 150px\" \/><\/p>\n<hr align=\"left\" width=\"25%\" \/>\n<p><strong><span style=\"color: #88c425;\">INFORMACI\u00d3N DE ENV\u00cdO<br \/>\n<\/span><\/strong>Env\u00edos por caja de 300 unidades.<br \/>\nDimensiones caja: 61x40x53 cm; Peso caja: 25 kg<\/p>\n<p>Las fechas de entrega var\u00edan dependiendo de si quieres el pedido personalizado o sin personalizar. Una vez realizado el pedido y que nos hallas dado el visto bueno a la estampaci\u00f3n, lo recibir\u00e1s en quince d\u00edas. Si hubiera alg\u00fan retraso te lo indicaremos inmediatamente. Igualmente, si necesitas el producto para una determinada fecha anterior al plazo indicado, cont\u00e1ctanos e intentaremos solucionarlo.<\/p>\n","protected":false},"excerpt":{"rendered":"<p><strong><span style=\"color: #88c425;\">Precio por caja de 300 unidades.<br \/>\n<\/span><\/strong><strong>Vaso reutilizable de 90 cl.<\/strong><\/p>\n","protected":false},"featured_media":8097,"template":"","meta":{"_et_pb_use_builder":"","_et_pb_old_content":"","_et_gb_content_width":""},"product_cat":[171],"product_tag":[],"yoast_head":"<!-- This site is optimized with the Yoast SEO plugin v23.5 - https:\/\/yoast.com\/wordpress\/plugins\/seo\/ -->\n<title>Katxi - Basorlegi<\/title>\n<meta name=\"robots\" content=\"index, follow, max-snippet:-1, max-image-preview:large, max-video-preview:-1\" \/>\n<link rel=\"canonical\" href=\"https:\/\/basorlegi.eus\/es\/producto\/katxi-100\/\" \/>\n<meta property=\"og:locale\" content=\"es_ES\" \/>\n<meta property=\"og:type\" content=\"article\" \/>\n<meta property=\"og:title\" content=\"Katxi - Basorlegi\" \/>\n<meta property=\"og:description\" content=\"Precio por caja de 300 unidades. Vaso reutilizable de 90 cl.\" \/>\n<meta property=\"og:url\" content=\"https:\/\/basorlegi.eus\/es\/producto\/katxi-100\/\" \/>\n<meta property=\"og:site_name\" content=\"Basorlegi\" \/>\n<meta property=\"article:modified_time\" content=\"2025-01-08T08:45:34+00:00\" \/>\n<meta property=\"og:image\" content=\"https:\/\/basorlegi.eus\/wp-content\/uploads\/2017\/05\/ARF-1024x1024.png\" \/>\n\t<meta property=\"og:image:width\" content=\"1024\" \/>\n\t<meta property=\"og:image:height\" content=\"1024\" \/>\n\t<meta property=\"og:image:type\" content=\"image\/png\" \/>\n<meta name=\"twitter:card\" content=\"summary_large_image\" \/>\n<meta name=\"twitter:label1\" content=\"Tiempo de lectura\" \/>\n\t<meta name=\"twitter:data1\" content=\"2 minutos\" \/>\n<script type=\"application\/ld+json\" class=\"yoast-schema-graph\">{\"@context\":\"https:\/\/schema.org\",\"@graph\":[{\"@type\":\"WebPage\",\"@id\":\"https:\/\/basorlegi.eus\/es\/producto\/katxi-100\/\",\"url\":\"https:\/\/basorlegi.eus\/es\/producto\/katxi-100\/\",\"name\":\"Katxi - Basorlegi\",\"isPartOf\":{\"@id\":\"https:\/\/basorlegi.eus\/#website\"},\"primaryImageOfPage\":{\"@id\":\"https:\/\/basorlegi.eus\/es\/producto\/katxi-100\/#primaryimage\"},\"image\":{\"@id\":\"https:\/\/basorlegi.eus\/es\/producto\/katxi-100\/#primaryimage\"},\"thumbnailUrl\":\"https:\/\/basorlegi.eus\/wp-content\/uploads\/2025\/01\/Katxi.png\",\"datePublished\":\"2017-05-08T14:57:16+00:00\",\"dateModified\":\"2025-01-08T08:45:34+00:00\",\"breadcrumb\":{\"@id\":\"https:\/\/basorlegi.eus\/es\/producto\/katxi-100\/#breadcrumb\"},\"inLanguage\":\"es\",\"potentialAction\":[{\"@type\":\"ReadAction\",\"target\":[\"https:\/\/basorlegi.eus\/es\/producto\/katxi-100\/\"]}]},{\"@type\":\"ImageObject\",\"inLanguage\":\"es\",\"@id\":\"https:\/\/basorlegi.eus\/es\/producto\/katxi-100\/#primaryimage\",\"url\":\"https:\/\/basorlegi.eus\/wp-content\/uploads\/2025\/01\/Katxi.png\",\"contentUrl\":\"https:\/\/basorlegi.eus\/wp-content\/uploads\/2025\/01\/Katxi.png\",\"width\":1876,\"height\":1876},{\"@type\":\"BreadcrumbList\",\"@id\":\"https:\/\/basorlegi.eus\/es\/producto\/katxi-100\/#breadcrumb\",\"itemListElement\":[{\"@type\":\"ListItem\",\"position\":1,\"name\":\"Portada\",\"item\":\"https:\/\/basorlegi.eus\/es\/\"},{\"@type\":\"ListItem\",\"position\":2,\"name\":\"Productos\",\"item\":\"https:\/\/basorlegi.eus\/es\/productos\/\"},{\"@type\":\"ListItem\",\"position\":3,\"name\":\"Katxi\"}]},{\"@type\":\"WebSite\",\"@id\":\"https:\/\/basorlegi.eus\/#website\",\"url\":\"https:\/\/basorlegi.eus\/\",\"name\":\"Basorlegi\",\"description\":\"Vasos reciclables y reutilizables personalizados\",\"alternateName\":\"Basorlegi\",\"potentialAction\":[{\"@type\":\"SearchAction\",\"target\":{\"@type\":\"EntryPoint\",\"urlTemplate\":\"https:\/\/basorlegi.eus\/?s={search_term_string}\"},\"query-input\":{\"@type\":\"PropertyValueSpecification\",\"valueRequired\":true,\"valueName\":\"search_term_string\"}}],\"inLanguage\":\"es\"}]}<\/script>\n<!-- \/ Yoast SEO plugin. -->","yoast_head_json":{"title":"Katxi - Basorlegi","robots":{"index":"index","follow":"follow","max-snippet":"max-snippet:-1","max-image-preview":"max-image-preview:large","max-video-preview":"max-video-preview:-1"},"canonical":"https:\/\/basorlegi.eus\/es\/producto\/katxi-100\/","og_locale":"es_ES","og_type":"article","og_title":"Katxi - Basorlegi","og_description":"Precio por caja de 300 unidades. Vaso reutilizable de 90 cl.","og_url":"https:\/\/basorlegi.eus\/es\/producto\/katxi-100\/","og_site_name":"Basorlegi","article_modified_time":"2025-01-08T08:45:34+00:00","og_image":[{"width":1024,"height":1024,"url":"https:\/\/basorlegi.eus\/wp-content\/uploads\/2017\/05\/ARF-1024x1024.png","type":"image\/png"}],"twitter_card":"summary_large_image","twitter_misc":{"Tiempo de lectura":"2 minutos"},"schema":{"@context":"https:\/\/schema.org","@graph":[{"@type":"WebPage","@id":"https:\/\/basorlegi.eus\/es\/producto\/katxi-100\/","url":"https:\/\/basorlegi.eus\/es\/producto\/katxi-100\/","name":"Katxi - Basorlegi","isPartOf":{"@id":"https:\/\/basorlegi.eus\/#website"},"primaryImageOfPage":{"@id":"https:\/\/basorlegi.eus\/es\/producto\/katxi-100\/#primaryimage"},"image":{"@id":"https:\/\/basorlegi.eus\/es\/producto\/katxi-100\/#primaryimage"},"thumbnailUrl":"https:\/\/basorlegi.eus\/wp-content\/uploads\/2025\/01\/Katxi.png","datePublished":"2017-05-08T14:57:16+00:00","dateModified":"2025-01-08T08:45:34+00:00","breadcrumb":{"@id":"https:\/\/basorlegi.eus\/es\/producto\/katxi-100\/#breadcrumb"},"inLanguage":"es","potentialAction":[{"@type":"ReadAction","target":["https:\/\/basorlegi.eus\/es\/producto\/katxi-100\/"]}]},{"@type":"ImageObject","inLanguage":"es","@id":"https:\/\/basorlegi.eus\/es\/producto\/katxi-100\/#primaryimage","url":"https:\/\/basorlegi.eus\/wp-content\/uploads\/2025\/01\/Katxi.png","contentUrl":"https:\/\/basorlegi.eus\/wp-content\/uploads\/2025\/01\/Katxi.png","width":1876,"height":1876},{"@type":"BreadcrumbList","@id":"https:\/\/basorlegi.eus\/es\/producto\/katxi-100\/#breadcrumb","itemListElement":[{"@type":"ListItem","position":1,"name":"Portada","item":"https:\/\/basorlegi.eus\/es\/"},{"@type":"ListItem","position":2,"name":"Productos","item":"https:\/\/basorlegi.eus\/es\/productos\/"},{"@type":"ListItem","position":3,"name":"Katxi"}]},{"@type":"WebSite","@id":"https:\/\/basorlegi.eus\/#website","url":"https:\/\/basorlegi.eus\/","name":"Basorlegi","description":"Vasos reciclables y reutilizables personalizados","alternateName":"Basorlegi","potentialAction":[{"@type":"SearchAction","target":{"@type":"EntryPoint","urlTemplate":"https:\/\/basorlegi.eus\/?s={search_term_string}"},"query-input":{"@type":"PropertyValueSpecification","valueRequired":true,"valueName":"search_term_string"}}],"inLanguage":"es"}]}},"_links":{"self":[{"href":"https:\/\/basorlegi.eus\/es\/wp-json\/wp\/v2\/product\/5807"}],"collection":[{"href":"https:\/\/basorlegi.eus\/es\/wp-json\/wp\/v2\/product"}],"about":[{"href":"https:\/\/basorlegi.eus\/es\/wp-json\/wp\/v2\/types\/product"}],"wp:featuredmedia":[{"embeddable":true,"href":"https:\/\/basorlegi.eus\/es\/wp-json\/wp\/v2\/media\/8097"}],"wp:attachment":[{"href":"https:\/\/basorlegi.eus\/es\/wp-json\/wp\/v2\/media?parent=5807"}],"wp:term":[{"taxonomy":"product_cat","embeddable":true,"href":"https:\/\/basorlegi.eus\/es\/wp-json\/wp\/v2\/product_cat?post=5807"},{"taxonomy":"product_tag","embeddable":true,"href":"https:\/\/basorlegi.eus\/es\/wp-json\/wp\/v2\/product_tag?post=5807"}],"curies":[{"name":"wp","href":"https:\/\/api.w.org\/{rel}","templated":true}]}}