{"id":7026,"date":"2019-05-28T15:23:09","date_gmt":"2019-05-28T15:23:09","guid":{"rendered":"https:\/\/basorlegi.eus\/?post_type=product&#038;p=7026\/"},"modified":"2024-12-10T12:30:42","modified_gmt":"2024-12-10T11:30:42","slug":"chupito-copia","status":"publish","type":"product","link":"https:\/\/basorlegi.eus\/es\/producto\/chupito-copia\/","title":{"rendered":"Chupito HTX"},"content":{"rendered":"<p><strong><span style=\"color: #88c425;\">SERIGRAF\u00cdA<\/span><br \/>\n<\/strong>Impresi\u00f3n a un color.<br \/>\nMedidas de impresi\u00f3n: 118&#215;25 mm<\/p>\n<p><img loading=\"lazy\" decoding=\"async\" class=\"alignnone size-full wp-image-7177\" src=\"https:\/\/basorlegi.eus\/wp-content\/uploads\/2019\/05\/htx-impresion.jpg\" alt=\"\" width=\"250\" height=\"150\" \/><\/p>\n<hr align=\"left\" width=\"25%\" \/>\n<p><strong><span style=\"color: #88c425;\">CARACTER\u00cdSTICAS DEL PRODUCTO<\/span><br \/>\n<\/strong>Material: Polipropileno<br \/>\nPeso: 5 grs<br \/>\nColores del vaso: transl\u00facido<br \/>\nMedidas: 40x50x35 mm<\/p>\n<p><img loading=\"lazy\" decoding=\"async\" class=\"alignnone size-full wp-image-7180\" src=\"https:\/\/basorlegi.eus\/wp-content\/uploads\/2019\/05\/htx-medidas.jpg\" alt=\"\" width=\"150\" height=\"150\" srcset=\"https:\/\/basorlegi.eus\/wp-content\/uploads\/2019\/05\/htx-medidas.jpg 150w, https:\/\/basorlegi.eus\/wp-content\/uploads\/2019\/05\/htx-medidas-100x100.jpg 100w\" sizes=\"(max-width: 150px) 100vw, 150px\" \/><\/p>\n<hr align=\"left\" width=\"25%\" \/>\n<p><strong><span style=\"color: #88c425;\">INFORMACI\u00d3N DE ENV\u00cdO<\/span><br \/>\n<\/strong>Envios por caja de 630 unidades.<br \/>\nDimensiones caja: 45x36x27 cm; Peso caja: 3 kg.<\/p>\n<p>Las fechas de entrega var\u00edan dependiendo de si quieres el pedido personalizado o sin personalizar. Una vez realizado el pedido y que nos hallas dado el visto bueno a la estampaci\u00f3n, lo recibir\u00e1s en quince d\u00edas. Si hubiera alg\u00fan retraso te lo indicaremos inmediatamente. Igualmente, si necesitas el producto para una determinada fecha anterior al plazo indicado, cont\u00e1ctanos e intentaremos solucionarlo.<\/p>\n","protected":false},"excerpt":{"rendered":"<p><strong><span style=\"color: #88c425;\">Precio por caja de 630 unidades.<\/span><br \/>\nVaso reutilizable de 3,5 cl.<\/strong><br \/>\n<strong><br \/>\n<\/strong><\/p>\n","protected":false},"featured_media":7174,"template":"","meta":{"_et_pb_use_builder":"","_et_pb_old_content":"","_et_gb_content_width":""},"product_cat":[171],"product_tag":[],"yoast_head":"<!-- This site is optimized with the Yoast SEO plugin v23.5 - https:\/\/yoast.com\/wordpress\/plugins\/seo\/ -->\n<title>Chupito HTX - Basorlegi<\/title>\n<meta name=\"robots\" content=\"index, follow, max-snippet:-1, max-image-preview:large, max-video-preview:-1\" \/>\n<link rel=\"canonical\" href=\"https:\/\/basorlegi.eus\/es\/producto\/chupito-copia\/\" \/>\n<meta property=\"og:locale\" content=\"es_ES\" \/>\n<meta property=\"og:type\" content=\"article\" \/>\n<meta property=\"og:title\" content=\"Chupito HTX - Basorlegi\" \/>\n<meta property=\"og:description\" content=\"Precio por caja de 630 unidades. Vaso reutilizable de 3,5 cl.\" \/>\n<meta property=\"og:url\" content=\"https:\/\/basorlegi.eus\/es\/producto\/chupito-copia\/\" \/>\n<meta property=\"og:site_name\" content=\"Basorlegi\" \/>\n<meta property=\"article:modified_time\" content=\"2024-12-10T11:30:42+00:00\" \/>\n<meta property=\"og:image\" content=\"https:\/\/basorlegi.eus\/wp-content\/uploads\/2019\/05\/TXUPITO-HTX.jpg\" \/>\n\t<meta property=\"og:image:width\" content=\"900\" \/>\n\t<meta property=\"og:image:height\" content=\"900\" \/>\n\t<meta property=\"og:image:type\" content=\"image\/jpeg\" \/>\n<meta name=\"twitter:card\" content=\"summary_large_image\" \/>\n<meta name=\"twitter:label1\" content=\"Tiempo de lectura\" \/>\n\t<meta name=\"twitter:data1\" content=\"2 minutos\" \/>\n<script type=\"application\/ld+json\" class=\"yoast-schema-graph\">{\"@context\":\"https:\/\/schema.org\",\"@graph\":[{\"@type\":\"WebPage\",\"@id\":\"https:\/\/basorlegi.eus\/es\/producto\/chupito-copia\/\",\"url\":\"https:\/\/basorlegi.eus\/es\/producto\/chupito-copia\/\",\"name\":\"Chupito HTX - Basorlegi\",\"isPartOf\":{\"@id\":\"https:\/\/basorlegi.eus\/#website\"},\"primaryImageOfPage\":{\"@id\":\"https:\/\/basorlegi.eus\/es\/producto\/chupito-copia\/#primaryimage\"},\"image\":{\"@id\":\"https:\/\/basorlegi.eus\/es\/producto\/chupito-copia\/#primaryimage\"},\"thumbnailUrl\":\"https:\/\/basorlegi.eus\/wp-content\/uploads\/2019\/05\/TXUPITO-HTX.jpg\",\"datePublished\":\"2019-05-28T15:23:09+00:00\",\"dateModified\":\"2024-12-10T11:30:42+00:00\",\"breadcrumb\":{\"@id\":\"https:\/\/basorlegi.eus\/es\/producto\/chupito-copia\/#breadcrumb\"},\"inLanguage\":\"es\",\"potentialAction\":[{\"@type\":\"ReadAction\",\"target\":[\"https:\/\/basorlegi.eus\/es\/producto\/chupito-copia\/\"]}]},{\"@type\":\"ImageObject\",\"inLanguage\":\"es\",\"@id\":\"https:\/\/basorlegi.eus\/es\/producto\/chupito-copia\/#primaryimage\",\"url\":\"https:\/\/basorlegi.eus\/wp-content\/uploads\/2019\/05\/TXUPITO-HTX.jpg\",\"contentUrl\":\"https:\/\/basorlegi.eus\/wp-content\/uploads\/2019\/05\/TXUPITO-HTX.jpg\",\"width\":900,\"height\":900},{\"@type\":\"BreadcrumbList\",\"@id\":\"https:\/\/basorlegi.eus\/es\/producto\/chupito-copia\/#breadcrumb\",\"itemListElement\":[{\"@type\":\"ListItem\",\"position\":1,\"name\":\"Portada\",\"item\":\"https:\/\/basorlegi.eus\/es\/\"},{\"@type\":\"ListItem\",\"position\":2,\"name\":\"Productos\",\"item\":\"https:\/\/basorlegi.eus\/es\/productos\/\"},{\"@type\":\"ListItem\",\"position\":3,\"name\":\"Chupito HTX\"}]},{\"@type\":\"WebSite\",\"@id\":\"https:\/\/basorlegi.eus\/#website\",\"url\":\"https:\/\/basorlegi.eus\/\",\"name\":\"Basorlegi\",\"description\":\"Vasos reciclables y reutilizables personalizados\",\"alternateName\":\"Basorlegi\",\"potentialAction\":[{\"@type\":\"SearchAction\",\"target\":{\"@type\":\"EntryPoint\",\"urlTemplate\":\"https:\/\/basorlegi.eus\/?s={search_term_string}\"},\"query-input\":{\"@type\":\"PropertyValueSpecification\",\"valueRequired\":true,\"valueName\":\"search_term_string\"}}],\"inLanguage\":\"es\"}]}<\/script>\n<!-- \/ Yoast SEO plugin. -->","yoast_head_json":{"title":"Chupito HTX - Basorlegi","robots":{"index":"index","follow":"follow","max-snippet":"max-snippet:-1","max-image-preview":"max-image-preview:large","max-video-preview":"max-video-preview:-1"},"canonical":"https:\/\/basorlegi.eus\/es\/producto\/chupito-copia\/","og_locale":"es_ES","og_type":"article","og_title":"Chupito HTX - Basorlegi","og_description":"Precio por caja de 630 unidades. Vaso reutilizable de 3,5 cl.","og_url":"https:\/\/basorlegi.eus\/es\/producto\/chupito-copia\/","og_site_name":"Basorlegi","article_modified_time":"2024-12-10T11:30:42+00:00","og_image":[{"width":900,"height":900,"url":"https:\/\/basorlegi.eus\/wp-content\/uploads\/2019\/05\/TXUPITO-HTX.jpg","type":"image\/jpeg"}],"twitter_card":"summary_large_image","twitter_misc":{"Tiempo de lectura":"2 minutos"},"schema":{"@context":"https:\/\/schema.org","@graph":[{"@type":"WebPage","@id":"https:\/\/basorlegi.eus\/es\/producto\/chupito-copia\/","url":"https:\/\/basorlegi.eus\/es\/producto\/chupito-copia\/","name":"Chupito HTX - Basorlegi","isPartOf":{"@id":"https:\/\/basorlegi.eus\/#website"},"primaryImageOfPage":{"@id":"https:\/\/basorlegi.eus\/es\/producto\/chupito-copia\/#primaryimage"},"image":{"@id":"https:\/\/basorlegi.eus\/es\/producto\/chupito-copia\/#primaryimage"},"thumbnailUrl":"https:\/\/basorlegi.eus\/wp-content\/uploads\/2019\/05\/TXUPITO-HTX.jpg","datePublished":"2019-05-28T15:23:09+00:00","dateModified":"2024-12-10T11:30:42+00:00","breadcrumb":{"@id":"https:\/\/basorlegi.eus\/es\/producto\/chupito-copia\/#breadcrumb"},"inLanguage":"es","potentialAction":[{"@type":"ReadAction","target":["https:\/\/basorlegi.eus\/es\/producto\/chupito-copia\/"]}]},{"@type":"ImageObject","inLanguage":"es","@id":"https:\/\/basorlegi.eus\/es\/producto\/chupito-copia\/#primaryimage","url":"https:\/\/basorlegi.eus\/wp-content\/uploads\/2019\/05\/TXUPITO-HTX.jpg","contentUrl":"https:\/\/basorlegi.eus\/wp-content\/uploads\/2019\/05\/TXUPITO-HTX.jpg","width":900,"height":900},{"@type":"BreadcrumbList","@id":"https:\/\/basorlegi.eus\/es\/producto\/chupito-copia\/#breadcrumb","itemListElement":[{"@type":"ListItem","position":1,"name":"Portada","item":"https:\/\/basorlegi.eus\/es\/"},{"@type":"ListItem","position":2,"name":"Productos","item":"https:\/\/basorlegi.eus\/es\/productos\/"},{"@type":"ListItem","position":3,"name":"Chupito HTX"}]},{"@type":"WebSite","@id":"https:\/\/basorlegi.eus\/#website","url":"https:\/\/basorlegi.eus\/","name":"Basorlegi","description":"Vasos reciclables y reutilizables personalizados","alternateName":"Basorlegi","potentialAction":[{"@type":"SearchAction","target":{"@type":"EntryPoint","urlTemplate":"https:\/\/basorlegi.eus\/?s={search_term_string}"},"query-input":{"@type":"PropertyValueSpecification","valueRequired":true,"valueName":"search_term_string"}}],"inLanguage":"es"}]}},"_links":{"self":[{"href":"https:\/\/basorlegi.eus\/es\/wp-json\/wp\/v2\/product\/7026"}],"collection":[{"href":"https:\/\/basorlegi.eus\/es\/wp-json\/wp\/v2\/product"}],"about":[{"href":"https:\/\/basorlegi.eus\/es\/wp-json\/wp\/v2\/types\/product"}],"wp:featuredmedia":[{"embeddable":true,"href":"https:\/\/basorlegi.eus\/es\/wp-json\/wp\/v2\/media\/7174"}],"wp:attachment":[{"href":"https:\/\/basorlegi.eus\/es\/wp-json\/wp\/v2\/media?parent=7026"}],"wp:term":[{"taxonomy":"product_cat","embeddable":true,"href":"https:\/\/basorlegi.eus\/es\/wp-json\/wp\/v2\/product_cat?post=7026"},{"taxonomy":"product_tag","embeddable":true,"href":"https:\/\/basorlegi.eus\/es\/wp-json\/wp\/v2\/product_tag?post=7026"}],"curies":[{"name":"wp","href":"https:\/\/api.w.org\/{rel}","templated":true}]}}