{"id":7650,"date":"2024-01-24T10:19:32","date_gmt":"2024-01-24T09:19:32","guid":{"rendered":"https:\/\/basorlegi.eus\/?post_type=product&#038;p=7650"},"modified":"2025-01-15T11:59:16","modified_gmt":"2025-01-15T10:59:16","slug":"basoeko-20","status":"publish","type":"product","link":"https:\/\/basorlegi.eus\/es\/producto\/basoeko-20\/","title":{"rendered":"Basoeko 20"},"content":{"rendered":"<p><strong><span style=\"color: #88c425;\">IMPRESI\u00d3N<\/span><br \/>\n<\/strong>Impresi\u00f3n a un color y a todo color.<br \/>\nMedidas de impresi\u00f3n: 160&#215;55 mm<\/p>\n<hr align=\"left\" width=\"25%\" \/>\n<p><strong><span style=\"color: #88c425;\">CARACTER\u00cdSTICAS DEL PRODUCTO<\/span><br \/>\n<\/strong>Material: Polipropileno<br \/>\nPeso: 18grs<br \/>\nColores vaso:\u00a0 transl\u00facido<br \/>\nMedidas:65x80x50 mm<\/p>\n<p><img loading=\"lazy\" decoding=\"async\" class=\"alignnone wp-image-7654\" src=\"https:\/\/basorlegi.eus\/wp-content\/uploads\/2024\/01\/Basoeko-20-medidas.jpg\" alt=\"\" width=\"150\" height=\"150\" srcset=\"https:\/\/basorlegi.eus\/wp-content\/uploads\/2024\/01\/Basoeko-20-medidas.jpg 348w, https:\/\/basorlegi.eus\/wp-content\/uploads\/2024\/01\/Basoeko-20-medidas-150x150.jpg 150w, https:\/\/basorlegi.eus\/wp-content\/uploads\/2024\/01\/Basoeko-20-medidas-100x100.jpg 100w\" sizes=\"(max-width: 150px) 100vw, 150px\" \/><\/p>\n<hr align=\"left\" width=\"25%\" \/>\n<p><strong><span style=\"color: #88c425;\">INFORMACI\u00d3N DE ENV\u00cdO<\/span><br \/>\n<\/strong>Envios por caja de 300 unidades.<br \/>\nDimensiones caja: 54x37x28 cm; Peso caja: 10 kg<\/p>\n<p>Las fechas de entrega var\u00edan dependiendo de si quieres el pedido personalizado o sin personalizar. Una vez realizado el pedido y que nos hallas dado el visto bueno a la estampaci\u00f3n, lo recibir\u00e1s en quince d\u00edas. Si hubiera alg\u00fan retraso te lo indicaremos inmediatamente. Igualmente, si necesitas el producto para una determinada fecha anterior al plazo indicado, cont\u00e1ctanos e intentaremos solucionarlo.<\/p>\n","protected":false},"excerpt":{"rendered":"<p><strong><span style=\"color: #88c425;\">Precio por caja de 300 unidades.<\/span><br \/>\nVaso reutilizable de 20 cl.<\/strong><\/p>\n","protected":false},"featured_media":8124,"template":"","meta":{"_et_pb_use_builder":"","_et_pb_old_content":"","_et_gb_content_width":""},"product_cat":[171],"product_tag":[],"yoast_head":"<!-- This site is optimized with the Yoast SEO plugin v23.5 - https:\/\/yoast.com\/wordpress\/plugins\/seo\/ -->\n<title>Basoeko 20 - Basorlegi<\/title>\n<meta name=\"robots\" content=\"index, follow, max-snippet:-1, max-image-preview:large, max-video-preview:-1\" \/>\n<link rel=\"canonical\" href=\"https:\/\/basorlegi.eus\/es\/producto\/basoeko-20\/\" \/>\n<meta property=\"og:locale\" content=\"es_ES\" \/>\n<meta property=\"og:type\" content=\"article\" \/>\n<meta property=\"og:title\" content=\"Basoeko 20 - Basorlegi\" \/>\n<meta property=\"og:description\" content=\"Precio por caja de 300 unidades. Vaso reutilizable de 20 cl.\" \/>\n<meta property=\"og:url\" content=\"https:\/\/basorlegi.eus\/es\/producto\/basoeko-20\/\" \/>\n<meta property=\"og:site_name\" content=\"Basorlegi\" \/>\n<meta property=\"article:modified_time\" content=\"2025-01-15T10:59:16+00:00\" \/>\n<meta property=\"og:image\" content=\"https:\/\/basorlegi.eus\/wp-content\/uploads\/2025\/01\/20.png\" \/>\n\t<meta property=\"og:image:width\" content=\"1875\" \/>\n\t<meta property=\"og:image:height\" content=\"1875\" \/>\n\t<meta property=\"og:image:type\" content=\"image\/png\" \/>\n<meta name=\"twitter:card\" content=\"summary_large_image\" \/>\n<meta name=\"twitter:label1\" content=\"Tiempo de lectura\" \/>\n\t<meta name=\"twitter:data1\" content=\"1 minuto\" \/>\n<script type=\"application\/ld+json\" class=\"yoast-schema-graph\">{\"@context\":\"https:\/\/schema.org\",\"@graph\":[{\"@type\":\"WebPage\",\"@id\":\"https:\/\/basorlegi.eus\/es\/producto\/basoeko-20\/\",\"url\":\"https:\/\/basorlegi.eus\/es\/producto\/basoeko-20\/\",\"name\":\"Basoeko 20 - Basorlegi\",\"isPartOf\":{\"@id\":\"https:\/\/basorlegi.eus\/#website\"},\"primaryImageOfPage\":{\"@id\":\"https:\/\/basorlegi.eus\/es\/producto\/basoeko-20\/#primaryimage\"},\"image\":{\"@id\":\"https:\/\/basorlegi.eus\/es\/producto\/basoeko-20\/#primaryimage\"},\"thumbnailUrl\":\"https:\/\/basorlegi.eus\/wp-content\/uploads\/2025\/01\/20.png\",\"datePublished\":\"2024-01-24T09:19:32+00:00\",\"dateModified\":\"2025-01-15T10:59:16+00:00\",\"breadcrumb\":{\"@id\":\"https:\/\/basorlegi.eus\/es\/producto\/basoeko-20\/#breadcrumb\"},\"inLanguage\":\"es\",\"potentialAction\":[{\"@type\":\"ReadAction\",\"target\":[\"https:\/\/basorlegi.eus\/es\/producto\/basoeko-20\/\"]}]},{\"@type\":\"ImageObject\",\"inLanguage\":\"es\",\"@id\":\"https:\/\/basorlegi.eus\/es\/producto\/basoeko-20\/#primaryimage\",\"url\":\"https:\/\/basorlegi.eus\/wp-content\/uploads\/2025\/01\/20.png\",\"contentUrl\":\"https:\/\/basorlegi.eus\/wp-content\/uploads\/2025\/01\/20.png\",\"width\":1875,\"height\":1875},{\"@type\":\"BreadcrumbList\",\"@id\":\"https:\/\/basorlegi.eus\/es\/producto\/basoeko-20\/#breadcrumb\",\"itemListElement\":[{\"@type\":\"ListItem\",\"position\":1,\"name\":\"Portada\",\"item\":\"https:\/\/basorlegi.eus\/es\/\"},{\"@type\":\"ListItem\",\"position\":2,\"name\":\"Productos\",\"item\":\"https:\/\/basorlegi.eus\/es\/productos\/\"},{\"@type\":\"ListItem\",\"position\":3,\"name\":\"Basoeko 20\"}]},{\"@type\":\"WebSite\",\"@id\":\"https:\/\/basorlegi.eus\/#website\",\"url\":\"https:\/\/basorlegi.eus\/\",\"name\":\"Basorlegi\",\"description\":\"Vasos reciclables y reutilizables personalizados\",\"alternateName\":\"Basorlegi\",\"potentialAction\":[{\"@type\":\"SearchAction\",\"target\":{\"@type\":\"EntryPoint\",\"urlTemplate\":\"https:\/\/basorlegi.eus\/?s={search_term_string}\"},\"query-input\":{\"@type\":\"PropertyValueSpecification\",\"valueRequired\":true,\"valueName\":\"search_term_string\"}}],\"inLanguage\":\"es\"}]}<\/script>\n<!-- \/ Yoast SEO plugin. -->","yoast_head_json":{"title":"Basoeko 20 - Basorlegi","robots":{"index":"index","follow":"follow","max-snippet":"max-snippet:-1","max-image-preview":"max-image-preview:large","max-video-preview":"max-video-preview:-1"},"canonical":"https:\/\/basorlegi.eus\/es\/producto\/basoeko-20\/","og_locale":"es_ES","og_type":"article","og_title":"Basoeko 20 - Basorlegi","og_description":"Precio por caja de 300 unidades. Vaso reutilizable de 20 cl.","og_url":"https:\/\/basorlegi.eus\/es\/producto\/basoeko-20\/","og_site_name":"Basorlegi","article_modified_time":"2025-01-15T10:59:16+00:00","og_image":[{"width":1875,"height":1875,"url":"https:\/\/basorlegi.eus\/wp-content\/uploads\/2025\/01\/20.png","type":"image\/png"}],"twitter_card":"summary_large_image","twitter_misc":{"Tiempo de lectura":"1 minuto"},"schema":{"@context":"https:\/\/schema.org","@graph":[{"@type":"WebPage","@id":"https:\/\/basorlegi.eus\/es\/producto\/basoeko-20\/","url":"https:\/\/basorlegi.eus\/es\/producto\/basoeko-20\/","name":"Basoeko 20 - Basorlegi","isPartOf":{"@id":"https:\/\/basorlegi.eus\/#website"},"primaryImageOfPage":{"@id":"https:\/\/basorlegi.eus\/es\/producto\/basoeko-20\/#primaryimage"},"image":{"@id":"https:\/\/basorlegi.eus\/es\/producto\/basoeko-20\/#primaryimage"},"thumbnailUrl":"https:\/\/basorlegi.eus\/wp-content\/uploads\/2025\/01\/20.png","datePublished":"2024-01-24T09:19:32+00:00","dateModified":"2025-01-15T10:59:16+00:00","breadcrumb":{"@id":"https:\/\/basorlegi.eus\/es\/producto\/basoeko-20\/#breadcrumb"},"inLanguage":"es","potentialAction":[{"@type":"ReadAction","target":["https:\/\/basorlegi.eus\/es\/producto\/basoeko-20\/"]}]},{"@type":"ImageObject","inLanguage":"es","@id":"https:\/\/basorlegi.eus\/es\/producto\/basoeko-20\/#primaryimage","url":"https:\/\/basorlegi.eus\/wp-content\/uploads\/2025\/01\/20.png","contentUrl":"https:\/\/basorlegi.eus\/wp-content\/uploads\/2025\/01\/20.png","width":1875,"height":1875},{"@type":"BreadcrumbList","@id":"https:\/\/basorlegi.eus\/es\/producto\/basoeko-20\/#breadcrumb","itemListElement":[{"@type":"ListItem","position":1,"name":"Portada","item":"https:\/\/basorlegi.eus\/es\/"},{"@type":"ListItem","position":2,"name":"Productos","item":"https:\/\/basorlegi.eus\/es\/productos\/"},{"@type":"ListItem","position":3,"name":"Basoeko 20"}]},{"@type":"WebSite","@id":"https:\/\/basorlegi.eus\/#website","url":"https:\/\/basorlegi.eus\/","name":"Basorlegi","description":"Vasos reciclables y reutilizables personalizados","alternateName":"Basorlegi","potentialAction":[{"@type":"SearchAction","target":{"@type":"EntryPoint","urlTemplate":"https:\/\/basorlegi.eus\/?s={search_term_string}"},"query-input":{"@type":"PropertyValueSpecification","valueRequired":true,"valueName":"search_term_string"}}],"inLanguage":"es"}]}},"_links":{"self":[{"href":"https:\/\/basorlegi.eus\/es\/wp-json\/wp\/v2\/product\/7650"}],"collection":[{"href":"https:\/\/basorlegi.eus\/es\/wp-json\/wp\/v2\/product"}],"about":[{"href":"https:\/\/basorlegi.eus\/es\/wp-json\/wp\/v2\/types\/product"}],"wp:featuredmedia":[{"embeddable":true,"href":"https:\/\/basorlegi.eus\/es\/wp-json\/wp\/v2\/media\/8124"}],"wp:attachment":[{"href":"https:\/\/basorlegi.eus\/es\/wp-json\/wp\/v2\/media?parent=7650"}],"wp:term":[{"taxonomy":"product_cat","embeddable":true,"href":"https:\/\/basorlegi.eus\/es\/wp-json\/wp\/v2\/product_cat?post=7650"},{"taxonomy":"product_tag","embeddable":true,"href":"https:\/\/basorlegi.eus\/es\/wp-json\/wp\/v2\/product_tag?post=7650"}],"curies":[{"name":"wp","href":"https:\/\/api.w.org\/{rel}","templated":true}]}}