{"id":7738,"date":"2025-01-15T11:51:07","date_gmt":"2025-01-15T10:51:07","guid":{"rendered":"https:\/\/basorlegi.eus\/?post_type=product&#038;p=7738"},"modified":"2025-03-18T11:38:37","modified_gmt":"2025-03-18T10:38:37","slug":"basoeko-60","status":"publish","type":"product","link":"https:\/\/basorlegi.eus\/es\/producto\/basoeko-60\/","title":{"rendered":"Basoeko 60"},"content":{"rendered":"<p><strong><span style=\"color: #88c425;\">IMPRESI\u00d3N<\/span><br \/>\n<\/strong>Impresi\u00f3n a un color y a todo color.<br \/>\nMedidas de impresi\u00f3n: 210&#215;130 mm<\/p>\n<hr align=\"left\" width=\"25%\" \/>\n<p><strong><span style=\"color: #88c425;\">CARACTER\u00cdSTICAS DEL PRODUCTO<\/span><br \/>\n<\/strong>Material: Polipropileno<br \/>\nPeso: 50grs<br \/>\nColores vaso:\u00a0 transl\u00facido<br \/>\nMedidas: 85x162x61 mm<\/p>\n<p><img loading=\"lazy\" decoding=\"async\" class=\"alignnone wp-image-7661\" src=\"https:\/\/basorlegi.eus\/wp-content\/uploads\/2024\/01\/Basoeko-60-meiddas-01.jpg\" alt=\"\" width=\"150\" height=\"150\" srcset=\"https:\/\/basorlegi.eus\/wp-content\/uploads\/2024\/01\/Basoeko-60-meiddas-01.jpg 312w, https:\/\/basorlegi.eus\/wp-content\/uploads\/2024\/01\/Basoeko-60-meiddas-01-150x150.jpg 150w, https:\/\/basorlegi.eus\/wp-content\/uploads\/2024\/01\/Basoeko-60-meiddas-01-100x100.jpg 100w\" sizes=\"(max-width: 150px) 100vw, 150px\" \/><\/p>\n<hr align=\"left\" width=\"25%\" \/>\n<p><strong><span style=\"color: #88c425;\">INFORMACI\u00d3N DE ENV\u00cdO<\/span><br \/>\n<\/strong>Env\u00edos por caja de 100 unidades.<br \/>\nDimensiones caja: 54x37x28 cm; Peso caja: 10 kg<\/p>\n<p><strong><span style=\"color: #88c425;\">EN ESTE MODELO TAPA DISPONIBLE<\/strong><\/p>\n<p>Las fechas de entrega var\u00edan dependiendo de si quieres el pedido personalizado o sin personalizar. Una vez realizado el pedido y que nos hallas dado el visto bueno a la estampaci\u00f3n, lo recibir\u00e1s en quince d\u00edas. Si hubiera alg\u00fan retraso te lo indicaremos inmediatamente. Igualmente, si necesitas el producto para una determinada fecha anterior al plazo indicado, cont\u00e1ctanos e intentaremos solucionarlo.<\/p>\n","protected":false},"excerpt":{"rendered":"<p><strong><span style=\"color: #88c425;\">Precio por caja de 100 unidades.<\/span><br \/>\nVaso reutilizable de 60 cl.<\/strong><\/p>\n","protected":false},"featured_media":8133,"template":"","meta":{"_et_pb_use_builder":"","_et_pb_old_content":"<strong><span style=\"color: #88c425;\">IMPRESI\u00d3N<\/span>\r\n<\/strong>Impresi\u00f3n a un color y a todo color.\r\nMedidas de impresi\u00f3n: 210x130 mm\r\n\r\n<hr align=\"left\" width=\"25%\" \/>\r\n\r\n<strong><span style=\"color: #88c425;\">CARACTER\u00cdSTICAS DEL PRODUCTO<\/span>\r\n<\/strong>Material: Polipropileno\r\nPeso: 50grs\r\nColores vaso:\u00a0 transl\u00facido\r\nMedidas: 85x162x61 mm\r\n\r\n<img class=\"alignnone wp-image-7661\" src=\"https:\/\/basorlegi.eus\/wp-content\/uploads\/2024\/01\/Basoeko-60-meiddas-01.jpg\" alt=\"\" width=\"150\" height=\"150\" \/>\r\n\r\n<hr align=\"left\" width=\"25%\" \/>\r\n\r\n<strong><span style=\"color: #88c425;\">INFORMACI\u00d3N DE ENV\u00cdO<\/span>\r\n<\/strong>Env\u00edos por caja de 300 unidades.\r\nDimensiones caja: 54x37x28 cm; Peso caja: 11 kg\r\n\r\nLas fechas de entrega var\u00edan dependiendo de si quieres el pedido personalizado o sin personalizar. Una vez realizado el pedido y que nos hallas dado el visto bueno a la estampaci\u00f3n, lo recibir\u00e1s en quince d\u00edas. Si hubiera alg\u00fan retraso te lo indicaremos inmediatamente. Igualmente, si necesitas el producto para una determinada fecha anterior al plazo indicado, cont\u00e1ctanos e intentaremos solucionarlo.","_et_gb_content_width":""},"product_cat":[171],"product_tag":[],"yoast_head":"<!-- This site is optimized with the Yoast SEO plugin v23.5 - https:\/\/yoast.com\/wordpress\/plugins\/seo\/ -->\n<title>Basoeko 60 - Basorlegi<\/title>\n<meta name=\"robots\" content=\"index, follow, max-snippet:-1, max-image-preview:large, max-video-preview:-1\" \/>\n<link rel=\"canonical\" href=\"https:\/\/basorlegi.eus\/es\/producto\/basoeko-60\/\" \/>\n<meta property=\"og:locale\" content=\"es_ES\" \/>\n<meta property=\"og:type\" content=\"article\" \/>\n<meta property=\"og:title\" content=\"Basoeko 60 - Basorlegi\" \/>\n<meta property=\"og:description\" content=\"Precio por caja de 100 unidades. Vaso reutilizable de 60 cl.\" \/>\n<meta property=\"og:url\" content=\"https:\/\/basorlegi.eus\/es\/producto\/basoeko-60\/\" \/>\n<meta property=\"og:site_name\" content=\"Basorlegi\" \/>\n<meta property=\"article:modified_time\" content=\"2025-03-18T10:38:37+00:00\" \/>\n<meta property=\"og:image\" content=\"https:\/\/basorlegi.eus\/wp-content\/uploads\/2025\/01\/60.png\" \/>\n\t<meta property=\"og:image:width\" content=\"1876\" \/>\n\t<meta property=\"og:image:height\" content=\"1876\" \/>\n\t<meta property=\"og:image:type\" content=\"image\/png\" \/>\n<meta name=\"twitter:card\" content=\"summary_large_image\" \/>\n<meta name=\"twitter:label1\" content=\"Tiempo de lectura\" \/>\n\t<meta name=\"twitter:data1\" content=\"1 minuto\" \/>\n<script type=\"application\/ld+json\" class=\"yoast-schema-graph\">{\"@context\":\"https:\/\/schema.org\",\"@graph\":[{\"@type\":\"WebPage\",\"@id\":\"https:\/\/basorlegi.eus\/es\/producto\/basoeko-60\/\",\"url\":\"https:\/\/basorlegi.eus\/es\/producto\/basoeko-60\/\",\"name\":\"Basoeko 60 - Basorlegi\",\"isPartOf\":{\"@id\":\"https:\/\/basorlegi.eus\/#website\"},\"primaryImageOfPage\":{\"@id\":\"https:\/\/basorlegi.eus\/es\/producto\/basoeko-60\/#primaryimage\"},\"image\":{\"@id\":\"https:\/\/basorlegi.eus\/es\/producto\/basoeko-60\/#primaryimage\"},\"thumbnailUrl\":\"https:\/\/basorlegi.eus\/wp-content\/uploads\/2025\/01\/60.png\",\"datePublished\":\"2025-01-15T10:51:07+00:00\",\"dateModified\":\"2025-03-18T10:38:37+00:00\",\"breadcrumb\":{\"@id\":\"https:\/\/basorlegi.eus\/es\/producto\/basoeko-60\/#breadcrumb\"},\"inLanguage\":\"es\",\"potentialAction\":[{\"@type\":\"ReadAction\",\"target\":[\"https:\/\/basorlegi.eus\/es\/producto\/basoeko-60\/\"]}]},{\"@type\":\"ImageObject\",\"inLanguage\":\"es\",\"@id\":\"https:\/\/basorlegi.eus\/es\/producto\/basoeko-60\/#primaryimage\",\"url\":\"https:\/\/basorlegi.eus\/wp-content\/uploads\/2025\/01\/60.png\",\"contentUrl\":\"https:\/\/basorlegi.eus\/wp-content\/uploads\/2025\/01\/60.png\",\"width\":1876,\"height\":1876},{\"@type\":\"BreadcrumbList\",\"@id\":\"https:\/\/basorlegi.eus\/es\/producto\/basoeko-60\/#breadcrumb\",\"itemListElement\":[{\"@type\":\"ListItem\",\"position\":1,\"name\":\"Portada\",\"item\":\"https:\/\/basorlegi.eus\/es\/\"},{\"@type\":\"ListItem\",\"position\":2,\"name\":\"Productos\",\"item\":\"https:\/\/basorlegi.eus\/es\/productos\/\"},{\"@type\":\"ListItem\",\"position\":3,\"name\":\"Basoeko 60\"}]},{\"@type\":\"WebSite\",\"@id\":\"https:\/\/basorlegi.eus\/#website\",\"url\":\"https:\/\/basorlegi.eus\/\",\"name\":\"Basorlegi\",\"description\":\"Vasos reciclables y reutilizables personalizados\",\"alternateName\":\"Basorlegi\",\"potentialAction\":[{\"@type\":\"SearchAction\",\"target\":{\"@type\":\"EntryPoint\",\"urlTemplate\":\"https:\/\/basorlegi.eus\/?s={search_term_string}\"},\"query-input\":{\"@type\":\"PropertyValueSpecification\",\"valueRequired\":true,\"valueName\":\"search_term_string\"}}],\"inLanguage\":\"es\"}]}<\/script>\n<!-- \/ Yoast SEO plugin. -->","yoast_head_json":{"title":"Basoeko 60 - Basorlegi","robots":{"index":"index","follow":"follow","max-snippet":"max-snippet:-1","max-image-preview":"max-image-preview:large","max-video-preview":"max-video-preview:-1"},"canonical":"https:\/\/basorlegi.eus\/es\/producto\/basoeko-60\/","og_locale":"es_ES","og_type":"article","og_title":"Basoeko 60 - Basorlegi","og_description":"Precio por caja de 100 unidades. Vaso reutilizable de 60 cl.","og_url":"https:\/\/basorlegi.eus\/es\/producto\/basoeko-60\/","og_site_name":"Basorlegi","article_modified_time":"2025-03-18T10:38:37+00:00","og_image":[{"width":1876,"height":1876,"url":"https:\/\/basorlegi.eus\/wp-content\/uploads\/2025\/01\/60.png","type":"image\/png"}],"twitter_card":"summary_large_image","twitter_misc":{"Tiempo de lectura":"1 minuto"},"schema":{"@context":"https:\/\/schema.org","@graph":[{"@type":"WebPage","@id":"https:\/\/basorlegi.eus\/es\/producto\/basoeko-60\/","url":"https:\/\/basorlegi.eus\/es\/producto\/basoeko-60\/","name":"Basoeko 60 - Basorlegi","isPartOf":{"@id":"https:\/\/basorlegi.eus\/#website"},"primaryImageOfPage":{"@id":"https:\/\/basorlegi.eus\/es\/producto\/basoeko-60\/#primaryimage"},"image":{"@id":"https:\/\/basorlegi.eus\/es\/producto\/basoeko-60\/#primaryimage"},"thumbnailUrl":"https:\/\/basorlegi.eus\/wp-content\/uploads\/2025\/01\/60.png","datePublished":"2025-01-15T10:51:07+00:00","dateModified":"2025-03-18T10:38:37+00:00","breadcrumb":{"@id":"https:\/\/basorlegi.eus\/es\/producto\/basoeko-60\/#breadcrumb"},"inLanguage":"es","potentialAction":[{"@type":"ReadAction","target":["https:\/\/basorlegi.eus\/es\/producto\/basoeko-60\/"]}]},{"@type":"ImageObject","inLanguage":"es","@id":"https:\/\/basorlegi.eus\/es\/producto\/basoeko-60\/#primaryimage","url":"https:\/\/basorlegi.eus\/wp-content\/uploads\/2025\/01\/60.png","contentUrl":"https:\/\/basorlegi.eus\/wp-content\/uploads\/2025\/01\/60.png","width":1876,"height":1876},{"@type":"BreadcrumbList","@id":"https:\/\/basorlegi.eus\/es\/producto\/basoeko-60\/#breadcrumb","itemListElement":[{"@type":"ListItem","position":1,"name":"Portada","item":"https:\/\/basorlegi.eus\/es\/"},{"@type":"ListItem","position":2,"name":"Productos","item":"https:\/\/basorlegi.eus\/es\/productos\/"},{"@type":"ListItem","position":3,"name":"Basoeko 60"}]},{"@type":"WebSite","@id":"https:\/\/basorlegi.eus\/#website","url":"https:\/\/basorlegi.eus\/","name":"Basorlegi","description":"Vasos reciclables y reutilizables personalizados","alternateName":"Basorlegi","potentialAction":[{"@type":"SearchAction","target":{"@type":"EntryPoint","urlTemplate":"https:\/\/basorlegi.eus\/?s={search_term_string}"},"query-input":{"@type":"PropertyValueSpecification","valueRequired":true,"valueName":"search_term_string"}}],"inLanguage":"es"}]}},"_links":{"self":[{"href":"https:\/\/basorlegi.eus\/es\/wp-json\/wp\/v2\/product\/7738"}],"collection":[{"href":"https:\/\/basorlegi.eus\/es\/wp-json\/wp\/v2\/product"}],"about":[{"href":"https:\/\/basorlegi.eus\/es\/wp-json\/wp\/v2\/types\/product"}],"wp:featuredmedia":[{"embeddable":true,"href":"https:\/\/basorlegi.eus\/es\/wp-json\/wp\/v2\/media\/8133"}],"wp:attachment":[{"href":"https:\/\/basorlegi.eus\/es\/wp-json\/wp\/v2\/media?parent=7738"}],"wp:term":[{"taxonomy":"product_cat","embeddable":true,"href":"https:\/\/basorlegi.eus\/es\/wp-json\/wp\/v2\/product_cat?post=7738"},{"taxonomy":"product_tag","embeddable":true,"href":"https:\/\/basorlegi.eus\/es\/wp-json\/wp\/v2\/product_tag?post=7738"}],"curies":[{"name":"wp","href":"https:\/\/api.w.org\/{rel}","templated":true}]}}