{"id":5335,"date":"2017-05-02T08:49:05","date_gmt":"2017-06-26T14:28:33","guid":{"rendered":"https:\/\/basorlegi.eus\/?post_type=product&#038;p=5335\/"},"modified":"2026-01-26T18:23:30","modified_gmt":"2026-01-26T17:23:30","slug":"basoeko-30","status":"publish","type":"product","link":"https:\/\/basorlegi.eus\/fr\/producto\/basoeko-30\/","title":{"rendered":"Basoeko 30"},"content":{"rendered":"<p><img loading=\"lazy\" decoding=\"async\" class=\"alignnone size-full wp-image-7095\" src=\"https:\/\/basorlegi.eus\/wp-content\/uploads\/2017\/05\/30-impresion.jpg\" alt=\"\" width=\"250\" height=\"150\" \/><\/p>\n<p><strong><span style=\"color: #99cc00;\">IMPRESSION<\/span><br \/>\n<\/strong>Impression en une couleur ou \u00e0 pleine couleur.<br \/>\nFormat d\u2019impression : 220&#215;70 mm<\/p>\n<hr align=\"left\" width=\"25%\" \/>\n<p><img loading=\"lazy\" decoding=\"async\" class=\"size-full wp-image-4475 alignnone\" src=\"https:\/\/basorlegi.eus\/wp-content\/uploads\/2017\/05\/30-MEDIDAS.jpg\" alt=\"\" width=\"150\" height=\"150\" srcset=\"https:\/\/basorlegi.eus\/wp-content\/uploads\/2017\/05\/30-MEDIDAS.jpg 150w, https:\/\/basorlegi.eus\/wp-content\/uploads\/2017\/05\/30-MEDIDAS-100x100.jpg 100w\" sizes=\"(max-width: 150px) 100vw, 150px\" \/><\/p>\n<p><span style=\"color: #99cc00;\"><strong>CARACTERISTIQUES DU PRODUIT<\/strong><\/span><br \/>\nMat\u00e9riau : Polypropyl\u00e8ne<br \/>\nPoids : 37 grs<br \/>\nCouleur du verre : Translucide<br \/>\nDimensions : 73x115x54 mm<\/p>\n<hr align=\"left\" width=\"25%\" \/>\n<p><span style=\"color: #99cc00;\"><strong>ENVOI<\/strong><\/span><strong><br \/>\n<\/strong>Bo\u00eete de 480 unit\u00e9s.<br \/>\nDimensions : 54x37x28 cm<br \/>\nPoids : 12 kg<br \/>\n<span style=\"color: #99cc00;\"><strong><span id=\"translation_box\" class=\"form-control-text textarea\" role=\"textbox\">DANS CE MOD\u00c8LE, LE COUVERCLE EST DISPONIBLE<\/span><\/strong><\/span><\/p>\n<p><span id=\"translation_box\" class=\"form-control-text textarea\" role=\"textbox\"> <\/span>Les dates de livraison peuvent varier en fonction du type de commande (personnalis\u00e9e ou pas). Une fois la commande pass\u00e9e, vous recevrez le produit dans les quinze jours qui suivent l\u2019accord sur l\u2019estampage. Au cas o\u00f9 cela prenait du retard, on vous le signalerait aussit\u00f4t. Et s\u2019il vous faut le produit avant les d\u00e9lais pr\u00e9vus, n\u2019h\u00e9sitez pas \u00e0 nous contacter : nous ferons de notre mieux pour trouver une date plus convenable.<\/p>\n","protected":false},"excerpt":{"rendered":"<p><strong><span style=\"color: #88c425;\">Prix \u200b\u200bpar bo\u00eete de 480 unit\u00e9s.<br \/>\n<\/span><\/strong><strong>Verre r\u00e9utilisable 30cl<\/strong><strong>.<\/strong><\/p>\n","protected":false},"featured_media":7173,"template":"","meta":{"_et_pb_use_builder":"off","_et_pb_old_content":"<strong><span style=\"color: #88c425\">IMPRESSION<\/span>\r\n<\/strong>Impression en une couleur ou \u00e0 pleine couleur.\r\nFormat d'impression : 220x70 mm\r\n\r\n<img class=\"alignnone size-full wp-image-7097\" src=\"https:\/\/basorlegi.eus\/wp-content\/uploads\/2017\/05\/30-impresion.jpg\" alt=\"\" width=\"250\" height=\"150\" \/>\r\n\r\n<hr align=\"left\" width=\"25%\" \/>\r\n\r\n<strong><span style=\"color: #88c425\">CARACTERISTIQUES DU PRODUIT<\/span>\r\n<\/strong>Mat\u00e9riau : Polypropyl\u00e8ne\r\nPoids : 10 gr\r\nCouleur du verre :\u00a0 Translucide\r\nDimensions : 73x115x54 mm\r\n\r\n<img class=\"alignnone size-full wp-image-4475\" src=\"https:\/\/basorlegi.eus\/wp-content\/uploads\/2017\/05\/30-MEDIDAS.jpg\" alt=\"\" width=\"150\" height=\"150\" \/>\r\n\r\n<hr align=\"left\" width=\"25%\" \/>\r\n\r\n<strong><span style=\"color: #88c425\">ENVOI<\/span><\/strong><strong>\r\n<\/strong>Bo\u00eete de 480 unit\u00e9s.\r\nDimensions : 54x37x28 cm; Poids : 12 kg\r\n\r\n<strong><span style=\"color: #88c425\">DANS CE MOD\u00c8LE, COUVERTURE DISPONIBLE<\/strong>\r\n\r\nLes dates de livraison peuvent varier en fonction du type de commande (personnalis\u00e9e ou pas). Une fois la commande pass\u00e9e, vous recevrez le produit dans les quinze jours qui suivent l'accord sur l'estampage. Au cas o\u00f9 cela prenait du retard, on vous le signalerait aussit\u00f4t. Et s'il vous faut le produit avant les d\u00e9lais pr\u00e9vus, n'h\u00e9sitez pas \u00e0 nous contacter : nous ferons de notre mieux pour trouver une date plus convenable.","_et_gb_content_width":""},"product_cat":[],"product_tag":[],"yoast_head":"<!-- This site is optimized with the Yoast SEO plugin v23.5 - https:\/\/yoast.com\/wordpress\/plugins\/seo\/ -->\n<title>Basoeko 30 - Basorlegi<\/title>\n<meta name=\"robots\" content=\"index, follow, max-snippet:-1, max-image-preview:large, max-video-preview:-1\" \/>\n<link rel=\"canonical\" href=\"https:\/\/basorlegi.eus\/fr\/producto\/basoeko-30\/\" \/>\n<meta property=\"og:locale\" content=\"fr_FR\" \/>\n<meta property=\"og:type\" content=\"article\" \/>\n<meta property=\"og:title\" content=\"Basoeko 30 - Basorlegi\" \/>\n<meta property=\"og:description\" content=\"Prix \u200b\u200bpar bo\u00eete de 480 unit\u00e9s. Verre r\u00e9utilisable 30cl.\" \/>\n<meta property=\"og:url\" content=\"https:\/\/basorlegi.eus\/fr\/producto\/basoeko-30\/\" \/>\n<meta property=\"og:site_name\" content=\"Basorlegi\" \/>\n<meta property=\"article:modified_time\" content=\"2026-01-26T17:23:30+00:00\" \/>\n<meta property=\"og:image\" content=\"https:\/\/basorlegi.eus\/wp-content\/uploads\/2017\/05\/BASOEKO-30.jpg\" \/>\n\t<meta property=\"og:image:width\" content=\"900\" \/>\n\t<meta property=\"og:image:height\" content=\"900\" \/>\n\t<meta property=\"og:image:type\" content=\"image\/jpeg\" \/>\n<meta name=\"twitter:card\" content=\"summary_large_image\" \/>\n<meta name=\"twitter:label1\" content=\"Dur\u00e9e de lecture estim\u00e9e\" \/>\n\t<meta name=\"twitter:data1\" content=\"2 minutes\" \/>\n<script type=\"application\/ld+json\" class=\"yoast-schema-graph\">{\"@context\":\"https:\/\/schema.org\",\"@graph\":[{\"@type\":\"WebPage\",\"@id\":\"https:\/\/basorlegi.eus\/fr\/producto\/basoeko-30\/\",\"url\":\"https:\/\/basorlegi.eus\/fr\/producto\/basoeko-30\/\",\"name\":\"Basoeko 30 - Basorlegi\",\"isPartOf\":{\"@id\":\"https:\/\/basorlegi.eus\/#website\"},\"primaryImageOfPage\":{\"@id\":\"https:\/\/basorlegi.eus\/fr\/producto\/basoeko-30\/#primaryimage\"},\"image\":{\"@id\":\"https:\/\/basorlegi.eus\/fr\/producto\/basoeko-30\/#primaryimage\"},\"thumbnailUrl\":\"https:\/\/basorlegi.eus\/wp-content\/uploads\/2017\/05\/BASOEKO-30.jpg\",\"datePublished\":\"2017-06-26T14:28:33+00:00\",\"dateModified\":\"2026-01-26T17:23:30+00:00\",\"breadcrumb\":{\"@id\":\"https:\/\/basorlegi.eus\/fr\/producto\/basoeko-30\/#breadcrumb\"},\"inLanguage\":\"fr-FR\",\"potentialAction\":[{\"@type\":\"ReadAction\",\"target\":[\"https:\/\/basorlegi.eus\/fr\/producto\/basoeko-30\/\"]}]},{\"@type\":\"ImageObject\",\"inLanguage\":\"fr-FR\",\"@id\":\"https:\/\/basorlegi.eus\/fr\/producto\/basoeko-30\/#primaryimage\",\"url\":\"https:\/\/basorlegi.eus\/wp-content\/uploads\/2017\/05\/BASOEKO-30.jpg\",\"contentUrl\":\"https:\/\/basorlegi.eus\/wp-content\/uploads\/2017\/05\/BASOEKO-30.jpg\",\"width\":900,\"height\":900},{\"@type\":\"BreadcrumbList\",\"@id\":\"https:\/\/basorlegi.eus\/fr\/producto\/basoeko-30\/#breadcrumb\",\"itemListElement\":[{\"@type\":\"ListItem\",\"position\":1,\"name\":\"Portada\",\"item\":\"https:\/\/basorlegi.eus\/fr\/\"},{\"@type\":\"ListItem\",\"position\":2,\"name\":\"Productos\",\"item\":\"https:\/\/basorlegi.eus\/es\/productos\/\"},{\"@type\":\"ListItem\",\"position\":3,\"name\":\"Basoeko 30\"}]},{\"@type\":\"WebSite\",\"@id\":\"https:\/\/basorlegi.eus\/#website\",\"url\":\"https:\/\/basorlegi.eus\/\",\"name\":\"Basorlegi\",\"description\":\"Vasos reciclables y reutilizables personalizados\",\"alternateName\":\"Basorlegi\",\"potentialAction\":[{\"@type\":\"SearchAction\",\"target\":{\"@type\":\"EntryPoint\",\"urlTemplate\":\"https:\/\/basorlegi.eus\/?s={search_term_string}\"},\"query-input\":{\"@type\":\"PropertyValueSpecification\",\"valueRequired\":true,\"valueName\":\"search_term_string\"}}],\"inLanguage\":\"fr-FR\"}]}<\/script>\n<!-- \/ Yoast SEO plugin. -->","yoast_head_json":{"title":"Basoeko 30 - Basorlegi","robots":{"index":"index","follow":"follow","max-snippet":"max-snippet:-1","max-image-preview":"max-image-preview:large","max-video-preview":"max-video-preview:-1"},"canonical":"https:\/\/basorlegi.eus\/fr\/producto\/basoeko-30\/","og_locale":"fr_FR","og_type":"article","og_title":"Basoeko 30 - Basorlegi","og_description":"Prix \u200b\u200bpar bo\u00eete de 480 unit\u00e9s. Verre r\u00e9utilisable 30cl.","og_url":"https:\/\/basorlegi.eus\/fr\/producto\/basoeko-30\/","og_site_name":"Basorlegi","article_modified_time":"2026-01-26T17:23:30+00:00","og_image":[{"width":900,"height":900,"url":"https:\/\/basorlegi.eus\/wp-content\/uploads\/2017\/05\/BASOEKO-30.jpg","type":"image\/jpeg"}],"twitter_card":"summary_large_image","twitter_misc":{"Dur\u00e9e de lecture estim\u00e9e":"2 minutes"},"schema":{"@context":"https:\/\/schema.org","@graph":[{"@type":"WebPage","@id":"https:\/\/basorlegi.eus\/fr\/producto\/basoeko-30\/","url":"https:\/\/basorlegi.eus\/fr\/producto\/basoeko-30\/","name":"Basoeko 30 - Basorlegi","isPartOf":{"@id":"https:\/\/basorlegi.eus\/#website"},"primaryImageOfPage":{"@id":"https:\/\/basorlegi.eus\/fr\/producto\/basoeko-30\/#primaryimage"},"image":{"@id":"https:\/\/basorlegi.eus\/fr\/producto\/basoeko-30\/#primaryimage"},"thumbnailUrl":"https:\/\/basorlegi.eus\/wp-content\/uploads\/2017\/05\/BASOEKO-30.jpg","datePublished":"2017-06-26T14:28:33+00:00","dateModified":"2026-01-26T17:23:30+00:00","breadcrumb":{"@id":"https:\/\/basorlegi.eus\/fr\/producto\/basoeko-30\/#breadcrumb"},"inLanguage":"fr-FR","potentialAction":[{"@type":"ReadAction","target":["https:\/\/basorlegi.eus\/fr\/producto\/basoeko-30\/"]}]},{"@type":"ImageObject","inLanguage":"fr-FR","@id":"https:\/\/basorlegi.eus\/fr\/producto\/basoeko-30\/#primaryimage","url":"https:\/\/basorlegi.eus\/wp-content\/uploads\/2017\/05\/BASOEKO-30.jpg","contentUrl":"https:\/\/basorlegi.eus\/wp-content\/uploads\/2017\/05\/BASOEKO-30.jpg","width":900,"height":900},{"@type":"BreadcrumbList","@id":"https:\/\/basorlegi.eus\/fr\/producto\/basoeko-30\/#breadcrumb","itemListElement":[{"@type":"ListItem","position":1,"name":"Portada","item":"https:\/\/basorlegi.eus\/fr\/"},{"@type":"ListItem","position":2,"name":"Productos","item":"https:\/\/basorlegi.eus\/es\/productos\/"},{"@type":"ListItem","position":3,"name":"Basoeko 30"}]},{"@type":"WebSite","@id":"https:\/\/basorlegi.eus\/#website","url":"https:\/\/basorlegi.eus\/","name":"Basorlegi","description":"Vasos reciclables y reutilizables personalizados","alternateName":"Basorlegi","potentialAction":[{"@type":"SearchAction","target":{"@type":"EntryPoint","urlTemplate":"https:\/\/basorlegi.eus\/?s={search_term_string}"},"query-input":{"@type":"PropertyValueSpecification","valueRequired":true,"valueName":"search_term_string"}}],"inLanguage":"fr-FR"}]}},"_links":{"self":[{"href":"https:\/\/basorlegi.eus\/fr\/wp-json\/wp\/v2\/product\/5335"}],"collection":[{"href":"https:\/\/basorlegi.eus\/fr\/wp-json\/wp\/v2\/product"}],"about":[{"href":"https:\/\/basorlegi.eus\/fr\/wp-json\/wp\/v2\/types\/product"}],"wp:featuredmedia":[{"embeddable":true,"href":"https:\/\/basorlegi.eus\/fr\/wp-json\/wp\/v2\/media\/7173"}],"wp:attachment":[{"href":"https:\/\/basorlegi.eus\/fr\/wp-json\/wp\/v2\/media?parent=5335"}],"wp:term":[{"taxonomy":"product_cat","embeddable":true,"href":"https:\/\/basorlegi.eus\/fr\/wp-json\/wp\/v2\/product_cat?post=5335"},{"taxonomy":"product_tag","embeddable":true,"href":"https:\/\/basorlegi.eus\/fr\/wp-json\/wp\/v2\/product_tag?post=5335"}],"curies":[{"name":"wp","href":"https:\/\/api.w.org\/{rel}","templated":true}]}}