{"id":5388,"date":"2017-05-04T16:17:12","date_gmt":"2017-05-04T16:17:12","guid":{"rendered":"https:\/\/basorlegi.eus\/producto\/basoeko-40\/"},"modified":"2023-12-19T12:44:34","modified_gmt":"2023-12-19T11:44:34","slug":"basoeko-40","status":"publish","type":"product","link":"https:\/\/basorlegi.eus\/fr\/producto\/basoeko-40\/","title":{"rendered":"Basoeko 40"},"content":{"rendered":"<p><strong><span style=\"color: #88c425;\">IMPRESSION<\/span><br \/>\n<\/strong>Impression en une couleur ou \u00e0 pleine couleur.<br \/>\nFormat d&rsquo;impression : 220&#215;70 mm<\/p>\n<p><img loading=\"lazy\" decoding=\"async\" class=\"alignnone size-full wp-image-7106\" src=\"https:\/\/basorlegi.eus\/wp-content\/uploads\/2017\/05\/40-impresion.jpg\" alt=\"\" width=\"250\" height=\"150\" \/><\/p>\n<hr align=\"left\" width=\"25%\" \/>\n<p><strong><span style=\"color: #88c425;\">CARACTERISTIQUES DU PRODUIT<\/span><br \/>\n<\/strong>Mat\u00e9riau : Polypropyl\u00e8ne<br \/>\nPoids : 28 grs<br \/>\nCouleur du verre :\u00a0 translucide<br \/>\nDimensions : 78x118x57 mm<\/p>\n<p><img loading=\"lazy\" decoding=\"async\" class=\"alignnone size-full wp-image-4479\" src=\"https:\/\/basorlegi.eus\/wp-content\/uploads\/2017\/05\/40-MEDIDAS.jpg\" alt=\"\" width=\"150\" height=\"150\" srcset=\"https:\/\/basorlegi.eus\/wp-content\/uploads\/2017\/05\/40-MEDIDAS.jpg 150w, https:\/\/basorlegi.eus\/wp-content\/uploads\/2017\/05\/40-MEDIDAS-100x100.jpg 100w\" sizes=\"(max-width: 150px) 100vw, 150px\" \/><\/p>\n<hr align=\"left\" width=\"25%\" \/>\n<p><strong><span style=\"color: #88c425;\">ENVOI<\/span><\/strong><strong><br \/>\n<\/strong>Bo\u00eete de 300 unit\u00e9s.<br \/>\nDimensions : 54x37x28 cm; Poids : 11 kg<\/p>\n<p>Les dates de livraison peuvent varier en fonction du type de commande (personnalis\u00e9e ou pas). Une fois la commande pass\u00e9e, vous recevrez le produit dans les quinze jours qui suivent l&rsquo;accord sur l&rsquo;estampage. Au cas o\u00f9 cela prenait du retard, on vous le signalerait aussit\u00f4t. Et s&rsquo;il vous faut le produit avant les d\u00e9lais pr\u00e9vus, n&rsquo;h\u00e9sitez pas \u00e0 nous contacter : nous ferons de notre mieux pour trouver une date plus convenable.<\/p>\n","protected":false},"excerpt":{"rendered":"<p><strong><span style=\"color: #88c425;\">Prix par bo\u00eete de 300 unit\u00e9s.<\/span><br \/>\nVerre r\u00e9utilisable 40 cl.<\/strong><\/p>\n","protected":false},"featured_media":6605,"template":"","meta":{"_et_pb_use_builder":"","_et_pb_old_content":"","_et_gb_content_width":""},"product_cat":[157],"product_tag":[],"yoast_head":"<!-- This site is optimized with the Yoast SEO plugin v23.5 - https:\/\/yoast.com\/wordpress\/plugins\/seo\/ -->\n<title>Basoeko 40 - Basorlegi<\/title>\n<meta name=\"robots\" content=\"index, follow, max-snippet:-1, max-image-preview:large, max-video-preview:-1\" \/>\n<link rel=\"canonical\" href=\"https:\/\/basorlegi.eus\/fr\/producto\/basoeko-40\/\" \/>\n<meta property=\"og:locale\" content=\"fr_FR\" \/>\n<meta property=\"og:type\" content=\"article\" \/>\n<meta property=\"og:title\" content=\"Basoeko 40 - Basorlegi\" \/>\n<meta property=\"og:description\" content=\"Prix par bo\u00eete de 300 unit\u00e9s. Verre r\u00e9utilisable 40 cl.\" \/>\n<meta property=\"og:url\" content=\"https:\/\/basorlegi.eus\/fr\/producto\/basoeko-40\/\" \/>\n<meta property=\"og:site_name\" content=\"Basorlegi\" \/>\n<meta property=\"article:modified_time\" content=\"2023-12-19T11:44:34+00:00\" \/>\n<meta property=\"og:image\" content=\"https:\/\/basorlegi.eus\/wp-content\/uploads\/2017\/05\/BASOEKO_40.1.jpg\" \/>\n\t<meta property=\"og:image:width\" content=\"900\" \/>\n\t<meta property=\"og:image:height\" content=\"900\" \/>\n\t<meta property=\"og:image:type\" content=\"image\/jpeg\" \/>\n<meta name=\"twitter:card\" content=\"summary_large_image\" \/>\n<meta name=\"twitter:label1\" content=\"Dur\u00e9e de lecture estim\u00e9e\" \/>\n\t<meta name=\"twitter:data1\" content=\"1 minute\" \/>\n<script type=\"application\/ld+json\" class=\"yoast-schema-graph\">{\"@context\":\"https:\/\/schema.org\",\"@graph\":[{\"@type\":\"WebPage\",\"@id\":\"https:\/\/basorlegi.eus\/fr\/producto\/basoeko-40\/\",\"url\":\"https:\/\/basorlegi.eus\/fr\/producto\/basoeko-40\/\",\"name\":\"Basoeko 40 - Basorlegi\",\"isPartOf\":{\"@id\":\"https:\/\/basorlegi.eus\/#website\"},\"primaryImageOfPage\":{\"@id\":\"https:\/\/basorlegi.eus\/fr\/producto\/basoeko-40\/#primaryimage\"},\"image\":{\"@id\":\"https:\/\/basorlegi.eus\/fr\/producto\/basoeko-40\/#primaryimage\"},\"thumbnailUrl\":\"https:\/\/basorlegi.eus\/wp-content\/uploads\/2017\/05\/BASOEKO_40.1.jpg\",\"datePublished\":\"2017-05-04T16:17:12+00:00\",\"dateModified\":\"2023-12-19T11:44:34+00:00\",\"breadcrumb\":{\"@id\":\"https:\/\/basorlegi.eus\/fr\/producto\/basoeko-40\/#breadcrumb\"},\"inLanguage\":\"fr-FR\",\"potentialAction\":[{\"@type\":\"ReadAction\",\"target\":[\"https:\/\/basorlegi.eus\/fr\/producto\/basoeko-40\/\"]}]},{\"@type\":\"ImageObject\",\"inLanguage\":\"fr-FR\",\"@id\":\"https:\/\/basorlegi.eus\/fr\/producto\/basoeko-40\/#primaryimage\",\"url\":\"https:\/\/basorlegi.eus\/wp-content\/uploads\/2017\/05\/BASOEKO_40.1.jpg\",\"contentUrl\":\"https:\/\/basorlegi.eus\/wp-content\/uploads\/2017\/05\/BASOEKO_40.1.jpg\",\"width\":900,\"height\":900},{\"@type\":\"BreadcrumbList\",\"@id\":\"https:\/\/basorlegi.eus\/fr\/producto\/basoeko-40\/#breadcrumb\",\"itemListElement\":[{\"@type\":\"ListItem\",\"position\":1,\"name\":\"Portada\",\"item\":\"https:\/\/basorlegi.eus\/fr\/\"},{\"@type\":\"ListItem\",\"position\":2,\"name\":\"Productos\",\"item\":\"https:\/\/basorlegi.eus\/es\/productos\/\"},{\"@type\":\"ListItem\",\"position\":3,\"name\":\"Basoeko 40\"}]},{\"@type\":\"WebSite\",\"@id\":\"https:\/\/basorlegi.eus\/#website\",\"url\":\"https:\/\/basorlegi.eus\/\",\"name\":\"Basorlegi\",\"description\":\"Vasos reciclables y reutilizables personalizados\",\"alternateName\":\"Basorlegi\",\"potentialAction\":[{\"@type\":\"SearchAction\",\"target\":{\"@type\":\"EntryPoint\",\"urlTemplate\":\"https:\/\/basorlegi.eus\/?s={search_term_string}\"},\"query-input\":{\"@type\":\"PropertyValueSpecification\",\"valueRequired\":true,\"valueName\":\"search_term_string\"}}],\"inLanguage\":\"fr-FR\"}]}<\/script>\n<!-- \/ Yoast SEO plugin. -->","yoast_head_json":{"title":"Basoeko 40 - Basorlegi","robots":{"index":"index","follow":"follow","max-snippet":"max-snippet:-1","max-image-preview":"max-image-preview:large","max-video-preview":"max-video-preview:-1"},"canonical":"https:\/\/basorlegi.eus\/fr\/producto\/basoeko-40\/","og_locale":"fr_FR","og_type":"article","og_title":"Basoeko 40 - Basorlegi","og_description":"Prix par bo\u00eete de 300 unit\u00e9s. Verre r\u00e9utilisable 40 cl.","og_url":"https:\/\/basorlegi.eus\/fr\/producto\/basoeko-40\/","og_site_name":"Basorlegi","article_modified_time":"2023-12-19T11:44:34+00:00","og_image":[{"width":900,"height":900,"url":"https:\/\/basorlegi.eus\/wp-content\/uploads\/2017\/05\/BASOEKO_40.1.jpg","type":"image\/jpeg"}],"twitter_card":"summary_large_image","twitter_misc":{"Dur\u00e9e de lecture estim\u00e9e":"1 minute"},"schema":{"@context":"https:\/\/schema.org","@graph":[{"@type":"WebPage","@id":"https:\/\/basorlegi.eus\/fr\/producto\/basoeko-40\/","url":"https:\/\/basorlegi.eus\/fr\/producto\/basoeko-40\/","name":"Basoeko 40 - Basorlegi","isPartOf":{"@id":"https:\/\/basorlegi.eus\/#website"},"primaryImageOfPage":{"@id":"https:\/\/basorlegi.eus\/fr\/producto\/basoeko-40\/#primaryimage"},"image":{"@id":"https:\/\/basorlegi.eus\/fr\/producto\/basoeko-40\/#primaryimage"},"thumbnailUrl":"https:\/\/basorlegi.eus\/wp-content\/uploads\/2017\/05\/BASOEKO_40.1.jpg","datePublished":"2017-05-04T16:17:12+00:00","dateModified":"2023-12-19T11:44:34+00:00","breadcrumb":{"@id":"https:\/\/basorlegi.eus\/fr\/producto\/basoeko-40\/#breadcrumb"},"inLanguage":"fr-FR","potentialAction":[{"@type":"ReadAction","target":["https:\/\/basorlegi.eus\/fr\/producto\/basoeko-40\/"]}]},{"@type":"ImageObject","inLanguage":"fr-FR","@id":"https:\/\/basorlegi.eus\/fr\/producto\/basoeko-40\/#primaryimage","url":"https:\/\/basorlegi.eus\/wp-content\/uploads\/2017\/05\/BASOEKO_40.1.jpg","contentUrl":"https:\/\/basorlegi.eus\/wp-content\/uploads\/2017\/05\/BASOEKO_40.1.jpg","width":900,"height":900},{"@type":"BreadcrumbList","@id":"https:\/\/basorlegi.eus\/fr\/producto\/basoeko-40\/#breadcrumb","itemListElement":[{"@type":"ListItem","position":1,"name":"Portada","item":"https:\/\/basorlegi.eus\/fr\/"},{"@type":"ListItem","position":2,"name":"Productos","item":"https:\/\/basorlegi.eus\/es\/productos\/"},{"@type":"ListItem","position":3,"name":"Basoeko 40"}]},{"@type":"WebSite","@id":"https:\/\/basorlegi.eus\/#website","url":"https:\/\/basorlegi.eus\/","name":"Basorlegi","description":"Vasos reciclables y reutilizables personalizados","alternateName":"Basorlegi","potentialAction":[{"@type":"SearchAction","target":{"@type":"EntryPoint","urlTemplate":"https:\/\/basorlegi.eus\/?s={search_term_string}"},"query-input":{"@type":"PropertyValueSpecification","valueRequired":true,"valueName":"search_term_string"}}],"inLanguage":"fr-FR"}]}},"_links":{"self":[{"href":"https:\/\/basorlegi.eus\/fr\/wp-json\/wp\/v2\/product\/5388"}],"collection":[{"href":"https:\/\/basorlegi.eus\/fr\/wp-json\/wp\/v2\/product"}],"about":[{"href":"https:\/\/basorlegi.eus\/fr\/wp-json\/wp\/v2\/types\/product"}],"wp:featuredmedia":[{"embeddable":true,"href":"https:\/\/basorlegi.eus\/fr\/wp-json\/wp\/v2\/media\/6605"}],"wp:attachment":[{"href":"https:\/\/basorlegi.eus\/fr\/wp-json\/wp\/v2\/media?parent=5388"}],"wp:term":[{"taxonomy":"product_cat","embeddable":true,"href":"https:\/\/basorlegi.eus\/fr\/wp-json\/wp\/v2\/product_cat?post=5388"},{"taxonomy":"product_tag","embeddable":true,"href":"https:\/\/basorlegi.eus\/fr\/wp-json\/wp\/v2\/product_tag?post=5388"}],"curies":[{"name":"wp","href":"https:\/\/api.w.org\/{rel}","templated":true}]}}