{"id":5465,"date":"2017-05-08T16:59:01","date_gmt":"2017-05-08T16:59:01","guid":{"rendered":"https:\/\/basorlegi.eus\/producto\/txupitoa\/"},"modified":"2025-01-10T08:57:15","modified_gmt":"2025-01-10T07:57:15","slug":"txupitoa","status":"publish","type":"product","link":"https:\/\/basorlegi.eus\/fr\/producto\/txupitoa\/","title":{"rendered":"Txupitoa"},"content":{"rendered":"<p><strong><span style=\"color: #88c425;\">CARACTERISTIQUES DU PRODUIT<br \/>\n<\/span><\/strong>Mat\u00e9riau : Polypropyl\u00e8ne<br \/>\nPoids : 5 gr<br \/>\nDimensions : 40&#215;45 mm<\/p>\n<hr align=\"left\" width=\"25%\" \/>\n<p><strong><span style=\"color: #88c425;\">ENVOI<br \/>\n<\/span><\/strong>Bo\u00eete de 1.044 unit\u00e9s.<br \/>\nDimensions : 19&#215;28,5&#215;23 cm; Poids : 2 kg.<\/p>\n<p>Ce produit n&rsquo;\u00e9tant pas s\u00e9rigraphi\u00e9, vous le recevrez dans les quinze jours qui suivent. En cas de retard, on vous le signalerait aussit\u00f4t. Et si vous avez besoin d&rsquo;avoir le produit avant la date pr\u00e9vue de livraison, contactez-nous et nous ferons de notre mieux pour vous en donner satisfaction.<\/p>\n","protected":false},"excerpt":{"rendered":"<p><strong><span style=\"color: #88c425;\">Prix par bo\u00eete de 1.044 unit\u00e9s.<br \/>\n<\/span>Petit verre jetable 3,5 cl.<\/strong><\/p>\n","protected":false},"featured_media":8099,"template":"","meta":{"_et_pb_use_builder":"","_et_pb_old_content":"","_et_gb_content_width":""},"product_cat":[],"product_tag":[],"yoast_head":"<!-- This site is optimized with the Yoast SEO plugin v23.5 - https:\/\/yoast.com\/wordpress\/plugins\/seo\/ -->\n<title>Txupitoa - Basorlegi<\/title>\n<meta name=\"robots\" content=\"index, follow, max-snippet:-1, max-image-preview:large, max-video-preview:-1\" \/>\n<link rel=\"canonical\" href=\"https:\/\/basorlegi.eus\/fr\/producto\/txupitoa\/\" \/>\n<meta property=\"og:locale\" content=\"fr_FR\" \/>\n<meta property=\"og:type\" content=\"article\" \/>\n<meta property=\"og:title\" content=\"Txupitoa - Basorlegi\" \/>\n<meta property=\"og:description\" content=\"Prix par bo\u00eete de 1.044 unit\u00e9s. Petit verre jetable 3,5 cl.\" \/>\n<meta property=\"og:url\" content=\"https:\/\/basorlegi.eus\/fr\/producto\/txupitoa\/\" \/>\n<meta property=\"og:site_name\" content=\"Basorlegi\" \/>\n<meta property=\"article:modified_time\" content=\"2025-01-10T07:57:15+00:00\" \/>\n<meta property=\"og:image\" content=\"https:\/\/basorlegi.eus\/wp-content\/uploads\/2025\/01\/Txupito.png\" \/>\n\t<meta property=\"og:image:width\" content=\"1876\" \/>\n\t<meta property=\"og:image:height\" content=\"1876\" \/>\n\t<meta property=\"og:image:type\" content=\"image\/png\" \/>\n<meta name=\"twitter:card\" content=\"summary_large_image\" \/>\n<meta name=\"twitter:label1\" content=\"Dur\u00e9e de lecture estim\u00e9e\" \/>\n\t<meta name=\"twitter:data1\" content=\"1 minute\" \/>\n<script type=\"application\/ld+json\" class=\"yoast-schema-graph\">{\"@context\":\"https:\/\/schema.org\",\"@graph\":[{\"@type\":\"WebPage\",\"@id\":\"https:\/\/basorlegi.eus\/fr\/producto\/txupitoa\/\",\"url\":\"https:\/\/basorlegi.eus\/fr\/producto\/txupitoa\/\",\"name\":\"Txupitoa - Basorlegi\",\"isPartOf\":{\"@id\":\"https:\/\/basorlegi.eus\/#website\"},\"primaryImageOfPage\":{\"@id\":\"https:\/\/basorlegi.eus\/fr\/producto\/txupitoa\/#primaryimage\"},\"image\":{\"@id\":\"https:\/\/basorlegi.eus\/fr\/producto\/txupitoa\/#primaryimage\"},\"thumbnailUrl\":\"https:\/\/basorlegi.eus\/wp-content\/uploads\/2025\/01\/Txupito.png\",\"datePublished\":\"2017-05-08T16:59:01+00:00\",\"dateModified\":\"2025-01-10T07:57:15+00:00\",\"breadcrumb\":{\"@id\":\"https:\/\/basorlegi.eus\/fr\/producto\/txupitoa\/#breadcrumb\"},\"inLanguage\":\"fr-FR\",\"potentialAction\":[{\"@type\":\"ReadAction\",\"target\":[\"https:\/\/basorlegi.eus\/fr\/producto\/txupitoa\/\"]}]},{\"@type\":\"ImageObject\",\"inLanguage\":\"fr-FR\",\"@id\":\"https:\/\/basorlegi.eus\/fr\/producto\/txupitoa\/#primaryimage\",\"url\":\"https:\/\/basorlegi.eus\/wp-content\/uploads\/2025\/01\/Txupito.png\",\"contentUrl\":\"https:\/\/basorlegi.eus\/wp-content\/uploads\/2025\/01\/Txupito.png\",\"width\":1876,\"height\":1876},{\"@type\":\"BreadcrumbList\",\"@id\":\"https:\/\/basorlegi.eus\/fr\/producto\/txupitoa\/#breadcrumb\",\"itemListElement\":[{\"@type\":\"ListItem\",\"position\":1,\"name\":\"Portada\",\"item\":\"https:\/\/basorlegi.eus\/fr\/\"},{\"@type\":\"ListItem\",\"position\":2,\"name\":\"Productos\",\"item\":\"https:\/\/basorlegi.eus\/es\/productos\/\"},{\"@type\":\"ListItem\",\"position\":3,\"name\":\"Txupitoa\"}]},{\"@type\":\"WebSite\",\"@id\":\"https:\/\/basorlegi.eus\/#website\",\"url\":\"https:\/\/basorlegi.eus\/\",\"name\":\"Basorlegi\",\"description\":\"Vasos reciclables y reutilizables personalizados\",\"alternateName\":\"Basorlegi\",\"potentialAction\":[{\"@type\":\"SearchAction\",\"target\":{\"@type\":\"EntryPoint\",\"urlTemplate\":\"https:\/\/basorlegi.eus\/?s={search_term_string}\"},\"query-input\":{\"@type\":\"PropertyValueSpecification\",\"valueRequired\":true,\"valueName\":\"search_term_string\"}}],\"inLanguage\":\"fr-FR\"}]}<\/script>\n<!-- \/ Yoast SEO plugin. -->","yoast_head_json":{"title":"Txupitoa - Basorlegi","robots":{"index":"index","follow":"follow","max-snippet":"max-snippet:-1","max-image-preview":"max-image-preview:large","max-video-preview":"max-video-preview:-1"},"canonical":"https:\/\/basorlegi.eus\/fr\/producto\/txupitoa\/","og_locale":"fr_FR","og_type":"article","og_title":"Txupitoa - Basorlegi","og_description":"Prix par bo\u00eete de 1.044 unit\u00e9s. Petit verre jetable 3,5 cl.","og_url":"https:\/\/basorlegi.eus\/fr\/producto\/txupitoa\/","og_site_name":"Basorlegi","article_modified_time":"2025-01-10T07:57:15+00:00","og_image":[{"width":1876,"height":1876,"url":"https:\/\/basorlegi.eus\/wp-content\/uploads\/2025\/01\/Txupito.png","type":"image\/png"}],"twitter_card":"summary_large_image","twitter_misc":{"Dur\u00e9e de lecture estim\u00e9e":"1 minute"},"schema":{"@context":"https:\/\/schema.org","@graph":[{"@type":"WebPage","@id":"https:\/\/basorlegi.eus\/fr\/producto\/txupitoa\/","url":"https:\/\/basorlegi.eus\/fr\/producto\/txupitoa\/","name":"Txupitoa - Basorlegi","isPartOf":{"@id":"https:\/\/basorlegi.eus\/#website"},"primaryImageOfPage":{"@id":"https:\/\/basorlegi.eus\/fr\/producto\/txupitoa\/#primaryimage"},"image":{"@id":"https:\/\/basorlegi.eus\/fr\/producto\/txupitoa\/#primaryimage"},"thumbnailUrl":"https:\/\/basorlegi.eus\/wp-content\/uploads\/2025\/01\/Txupito.png","datePublished":"2017-05-08T16:59:01+00:00","dateModified":"2025-01-10T07:57:15+00:00","breadcrumb":{"@id":"https:\/\/basorlegi.eus\/fr\/producto\/txupitoa\/#breadcrumb"},"inLanguage":"fr-FR","potentialAction":[{"@type":"ReadAction","target":["https:\/\/basorlegi.eus\/fr\/producto\/txupitoa\/"]}]},{"@type":"ImageObject","inLanguage":"fr-FR","@id":"https:\/\/basorlegi.eus\/fr\/producto\/txupitoa\/#primaryimage","url":"https:\/\/basorlegi.eus\/wp-content\/uploads\/2025\/01\/Txupito.png","contentUrl":"https:\/\/basorlegi.eus\/wp-content\/uploads\/2025\/01\/Txupito.png","width":1876,"height":1876},{"@type":"BreadcrumbList","@id":"https:\/\/basorlegi.eus\/fr\/producto\/txupitoa\/#breadcrumb","itemListElement":[{"@type":"ListItem","position":1,"name":"Portada","item":"https:\/\/basorlegi.eus\/fr\/"},{"@type":"ListItem","position":2,"name":"Productos","item":"https:\/\/basorlegi.eus\/es\/productos\/"},{"@type":"ListItem","position":3,"name":"Txupitoa"}]},{"@type":"WebSite","@id":"https:\/\/basorlegi.eus\/#website","url":"https:\/\/basorlegi.eus\/","name":"Basorlegi","description":"Vasos reciclables y reutilizables personalizados","alternateName":"Basorlegi","potentialAction":[{"@type":"SearchAction","target":{"@type":"EntryPoint","urlTemplate":"https:\/\/basorlegi.eus\/?s={search_term_string}"},"query-input":{"@type":"PropertyValueSpecification","valueRequired":true,"valueName":"search_term_string"}}],"inLanguage":"fr-FR"}]}},"_links":{"self":[{"href":"https:\/\/basorlegi.eus\/fr\/wp-json\/wp\/v2\/product\/5465"}],"collection":[{"href":"https:\/\/basorlegi.eus\/fr\/wp-json\/wp\/v2\/product"}],"about":[{"href":"https:\/\/basorlegi.eus\/fr\/wp-json\/wp\/v2\/types\/product"}],"wp:featuredmedia":[{"embeddable":true,"href":"https:\/\/basorlegi.eus\/fr\/wp-json\/wp\/v2\/media\/8099"}],"wp:attachment":[{"href":"https:\/\/basorlegi.eus\/fr\/wp-json\/wp\/v2\/media?parent=5465"}],"wp:term":[{"taxonomy":"product_cat","embeddable":true,"href":"https:\/\/basorlegi.eus\/fr\/wp-json\/wp\/v2\/product_cat?post=5465"},{"taxonomy":"product_tag","embeddable":true,"href":"https:\/\/basorlegi.eus\/fr\/wp-json\/wp\/v2\/product_tag?post=5465"}],"curies":[{"name":"wp","href":"https:\/\/api.w.org\/{rel}","templated":true}]}}