{"id":5495,"date":"2017-05-08T17:54:25","date_gmt":"2017-06-27T09:19:29","guid":{"rendered":"https:\/\/basorlegi.eus\/?post_type=product&#038;p=5495\/"},"modified":"2019-05-27T14:49:28","modified_gmt":"2019-05-27T14:49:28","slug":"lanyard","status":"publish","type":"product","link":"https:\/\/basorlegi.eus\/fr\/producto\/lanyard\/","title":{"rendered":"Lanyard"},"content":{"rendered":"<p><strong><span style=\"color: #88c425;\">CARACTERISTIQUES DU PRODUIT<\/span><\/strong><br \/>\nCouleurs vari\u00e9es.<\/p>\n<hr align=\"left\" width=\"25%\" \/>\n<p><strong><span style=\"color: #88c425;\">S\u00c9RIGRAPHIE<\/span><br \/>\n<\/strong>Personnalisation possible au-del\u00e0 de 300 unit\u00e9s.<br \/>\nConsulter les prix.<\/p>\n<hr align=\"left\" width=\"25%\" \/>\n<p><strong><span style=\"color: #88c425;\">ENVOI<\/span><br \/>\n<\/strong>Commande minimum : 100 unit\u00e9s.<\/p>\n<p>Les dates de livraison peuvent varier en fonction du type de commande (personnalis\u00e9e ou pas). Une fois la commande pass\u00e9e, vous recevrez le produit dans les quinze jours qui suivent l&rsquo;accord sur l&rsquo;estampage. Au cas o\u00f9 cela prenait du retard, on vous le signalerait aussit\u00f4t. Et s&rsquo;il vous faut le produit avant les d\u00e9lais pr\u00e9vus, n&rsquo;h\u00e9sitez pas \u00e0 nous contacter : nous ferons de notre mieux pour trouver une date plus convenable.<\/p>\n","protected":false},"excerpt":{"rendered":"<p><strong><span style=\"color: #88c425;\">Prix par bo\u00eete de 100 unit\u00e9s.<\/span><br \/>\n<\/strong><\/p>\n","protected":false},"featured_media":7202,"template":"","meta":{"_et_pb_use_builder":"","_et_pb_old_content":"","_et_gb_content_width":""},"product_cat":[157],"product_tag":[],"yoast_head":"<!-- This site is optimized with the Yoast SEO plugin v23.5 - https:\/\/yoast.com\/wordpress\/plugins\/seo\/ -->\n<title>Lanyard - Basorlegi<\/title>\n<meta name=\"robots\" content=\"index, follow, max-snippet:-1, max-image-preview:large, max-video-preview:-1\" \/>\n<link rel=\"canonical\" href=\"https:\/\/basorlegi.eus\/fr\/producto\/lanyard\/\" \/>\n<meta property=\"og:locale\" content=\"fr_FR\" \/>\n<meta property=\"og:type\" content=\"article\" \/>\n<meta property=\"og:title\" content=\"Lanyard - Basorlegi\" \/>\n<meta property=\"og:description\" content=\"Prix par bo\u00eete de 100 unit\u00e9s.\" \/>\n<meta property=\"og:url\" content=\"https:\/\/basorlegi.eus\/fr\/producto\/lanyard\/\" \/>\n<meta property=\"og:site_name\" content=\"Basorlegi\" \/>\n<meta property=\"article:modified_time\" content=\"2019-05-27T14:49:28+00:00\" \/>\n<meta property=\"og:image\" content=\"https:\/\/basorlegi.eus\/wp-content\/uploads\/2017\/05\/LANYARD-1-2.jpg\" \/>\n\t<meta property=\"og:image:width\" content=\"900\" \/>\n\t<meta property=\"og:image:height\" content=\"900\" \/>\n\t<meta property=\"og:image:type\" content=\"image\/jpeg\" \/>\n<meta name=\"twitter:card\" content=\"summary_large_image\" \/>\n<script type=\"application\/ld+json\" class=\"yoast-schema-graph\">{\"@context\":\"https:\/\/schema.org\",\"@graph\":[{\"@type\":\"WebPage\",\"@id\":\"https:\/\/basorlegi.eus\/fr\/producto\/lanyard\/\",\"url\":\"https:\/\/basorlegi.eus\/fr\/producto\/lanyard\/\",\"name\":\"Lanyard - Basorlegi\",\"isPartOf\":{\"@id\":\"https:\/\/basorlegi.eus\/#website\"},\"primaryImageOfPage\":{\"@id\":\"https:\/\/basorlegi.eus\/fr\/producto\/lanyard\/#primaryimage\"},\"image\":{\"@id\":\"https:\/\/basorlegi.eus\/fr\/producto\/lanyard\/#primaryimage\"},\"thumbnailUrl\":\"https:\/\/basorlegi.eus\/wp-content\/uploads\/2017\/05\/LANYARD-1-2.jpg\",\"datePublished\":\"2017-06-27T09:19:29+00:00\",\"dateModified\":\"2019-05-27T14:49:28+00:00\",\"breadcrumb\":{\"@id\":\"https:\/\/basorlegi.eus\/fr\/producto\/lanyard\/#breadcrumb\"},\"inLanguage\":\"fr-FR\",\"potentialAction\":[{\"@type\":\"ReadAction\",\"target\":[\"https:\/\/basorlegi.eus\/fr\/producto\/lanyard\/\"]}]},{\"@type\":\"ImageObject\",\"inLanguage\":\"fr-FR\",\"@id\":\"https:\/\/basorlegi.eus\/fr\/producto\/lanyard\/#primaryimage\",\"url\":\"https:\/\/basorlegi.eus\/wp-content\/uploads\/2017\/05\/LANYARD-1-2.jpg\",\"contentUrl\":\"https:\/\/basorlegi.eus\/wp-content\/uploads\/2017\/05\/LANYARD-1-2.jpg\",\"width\":900,\"height\":900},{\"@type\":\"BreadcrumbList\",\"@id\":\"https:\/\/basorlegi.eus\/fr\/producto\/lanyard\/#breadcrumb\",\"itemListElement\":[{\"@type\":\"ListItem\",\"position\":1,\"name\":\"Portada\",\"item\":\"https:\/\/basorlegi.eus\/fr\/\"},{\"@type\":\"ListItem\",\"position\":2,\"name\":\"Productos\",\"item\":\"https:\/\/basorlegi.eus\/es\/productos\/\"},{\"@type\":\"ListItem\",\"position\":3,\"name\":\"Lanyard\"}]},{\"@type\":\"WebSite\",\"@id\":\"https:\/\/basorlegi.eus\/#website\",\"url\":\"https:\/\/basorlegi.eus\/\",\"name\":\"Basorlegi\",\"description\":\"Vasos reciclables y reutilizables personalizados\",\"alternateName\":\"Basorlegi\",\"potentialAction\":[{\"@type\":\"SearchAction\",\"target\":{\"@type\":\"EntryPoint\",\"urlTemplate\":\"https:\/\/basorlegi.eus\/?s={search_term_string}\"},\"query-input\":{\"@type\":\"PropertyValueSpecification\",\"valueRequired\":true,\"valueName\":\"search_term_string\"}}],\"inLanguage\":\"fr-FR\"}]}<\/script>\n<!-- \/ Yoast SEO plugin. -->","yoast_head_json":{"title":"Lanyard - Basorlegi","robots":{"index":"index","follow":"follow","max-snippet":"max-snippet:-1","max-image-preview":"max-image-preview:large","max-video-preview":"max-video-preview:-1"},"canonical":"https:\/\/basorlegi.eus\/fr\/producto\/lanyard\/","og_locale":"fr_FR","og_type":"article","og_title":"Lanyard - Basorlegi","og_description":"Prix par bo\u00eete de 100 unit\u00e9s.","og_url":"https:\/\/basorlegi.eus\/fr\/producto\/lanyard\/","og_site_name":"Basorlegi","article_modified_time":"2019-05-27T14:49:28+00:00","og_image":[{"width":900,"height":900,"url":"https:\/\/basorlegi.eus\/wp-content\/uploads\/2017\/05\/LANYARD-1-2.jpg","type":"image\/jpeg"}],"twitter_card":"summary_large_image","schema":{"@context":"https:\/\/schema.org","@graph":[{"@type":"WebPage","@id":"https:\/\/basorlegi.eus\/fr\/producto\/lanyard\/","url":"https:\/\/basorlegi.eus\/fr\/producto\/lanyard\/","name":"Lanyard - Basorlegi","isPartOf":{"@id":"https:\/\/basorlegi.eus\/#website"},"primaryImageOfPage":{"@id":"https:\/\/basorlegi.eus\/fr\/producto\/lanyard\/#primaryimage"},"image":{"@id":"https:\/\/basorlegi.eus\/fr\/producto\/lanyard\/#primaryimage"},"thumbnailUrl":"https:\/\/basorlegi.eus\/wp-content\/uploads\/2017\/05\/LANYARD-1-2.jpg","datePublished":"2017-06-27T09:19:29+00:00","dateModified":"2019-05-27T14:49:28+00:00","breadcrumb":{"@id":"https:\/\/basorlegi.eus\/fr\/producto\/lanyard\/#breadcrumb"},"inLanguage":"fr-FR","potentialAction":[{"@type":"ReadAction","target":["https:\/\/basorlegi.eus\/fr\/producto\/lanyard\/"]}]},{"@type":"ImageObject","inLanguage":"fr-FR","@id":"https:\/\/basorlegi.eus\/fr\/producto\/lanyard\/#primaryimage","url":"https:\/\/basorlegi.eus\/wp-content\/uploads\/2017\/05\/LANYARD-1-2.jpg","contentUrl":"https:\/\/basorlegi.eus\/wp-content\/uploads\/2017\/05\/LANYARD-1-2.jpg","width":900,"height":900},{"@type":"BreadcrumbList","@id":"https:\/\/basorlegi.eus\/fr\/producto\/lanyard\/#breadcrumb","itemListElement":[{"@type":"ListItem","position":1,"name":"Portada","item":"https:\/\/basorlegi.eus\/fr\/"},{"@type":"ListItem","position":2,"name":"Productos","item":"https:\/\/basorlegi.eus\/es\/productos\/"},{"@type":"ListItem","position":3,"name":"Lanyard"}]},{"@type":"WebSite","@id":"https:\/\/basorlegi.eus\/#website","url":"https:\/\/basorlegi.eus\/","name":"Basorlegi","description":"Vasos reciclables y reutilizables personalizados","alternateName":"Basorlegi","potentialAction":[{"@type":"SearchAction","target":{"@type":"EntryPoint","urlTemplate":"https:\/\/basorlegi.eus\/?s={search_term_string}"},"query-input":{"@type":"PropertyValueSpecification","valueRequired":true,"valueName":"search_term_string"}}],"inLanguage":"fr-FR"}]}},"_links":{"self":[{"href":"https:\/\/basorlegi.eus\/fr\/wp-json\/wp\/v2\/product\/5495"}],"collection":[{"href":"https:\/\/basorlegi.eus\/fr\/wp-json\/wp\/v2\/product"}],"about":[{"href":"https:\/\/basorlegi.eus\/fr\/wp-json\/wp\/v2\/types\/product"}],"wp:featuredmedia":[{"embeddable":true,"href":"https:\/\/basorlegi.eus\/fr\/wp-json\/wp\/v2\/media\/7202"}],"wp:attachment":[{"href":"https:\/\/basorlegi.eus\/fr\/wp-json\/wp\/v2\/media?parent=5495"}],"wp:term":[{"taxonomy":"product_cat","embeddable":true,"href":"https:\/\/basorlegi.eus\/fr\/wp-json\/wp\/v2\/product_cat?post=5495"},{"taxonomy":"product_tag","embeddable":true,"href":"https:\/\/basorlegi.eus\/fr\/wp-json\/wp\/v2\/product_tag?post=5495"}],"curies":[{"name":"wp","href":"https:\/\/api.w.org\/{rel}","templated":true}]}}