{"id":7727,"date":"2025-01-15T11:51:45","date_gmt":"2025-01-15T10:51:45","guid":{"rendered":"https:\/\/basorlegi.eus\/?post_type=product&#038;p=7727"},"modified":"2025-01-15T12:39:55","modified_gmt":"2025-01-15T11:39:55","slug":"basoeko-28","status":"publish","type":"product","link":"https:\/\/basorlegi.eus\/fr\/producto\/basoeko-28\/","title":{"rendered":"Basoeko 28"},"content":{"rendered":"<p><strong><span style=\"color: #88c425;\">IMPRESSION<\/span><br \/>\n<\/strong>Impression en une couleur ou \u00e0 pleine couleur.<br \/>\nFormat d&rsquo;impression : 180&#215;80 mm<\/p>\n<hr align=\"left\" width=\"25%\" \/>\n<p><strong><span style=\"color: #88c425;\">CARACTERISTIQUES DU PRODUIT<\/span><br \/>\n<\/strong>Mat\u00e9riau : Polypropyl\u00e8ne<br \/>\nPoids : 24 gr<br \/>\nCouleur du verre :\u00a0 Translucide<br \/>\nDimensions : 70x104x54 mm<\/p>\n<p><img loading=\"lazy\" decoding=\"async\" class=\"alignnone wp-image-7745 size-thumbnail\" src=\"https:\/\/basorlegi.eus\/wp-content\/uploads\/2023\/12\/Basoeko-28-medidas-01-01-1-150x150.jpg\" alt=\"\" width=\"150\" height=\"150\" srcset=\"https:\/\/basorlegi.eus\/wp-content\/uploads\/2023\/12\/Basoeko-28-medidas-01-01-1-150x150.jpg 150w, https:\/\/basorlegi.eus\/wp-content\/uploads\/2023\/12\/Basoeko-28-medidas-01-01-1-100x100.jpg 100w, https:\/\/basorlegi.eus\/wp-content\/uploads\/2023\/12\/Basoeko-28-medidas-01-01-1.jpg 312w\" sizes=\"(max-width: 150px) 100vw, 150px\" \/><\/p>\n<hr align=\"left\" width=\"25%\" \/>\n<p><strong><span style=\"color: #88c425;\">ENVOI<\/span><\/strong><strong><br \/>\n<\/strong>Bo\u00eete de 100 unit\u00e9s.<br \/>\nDimensions : 54x37x28 cm; Poids : 10 kg<\/p>\n<p>Les dates de livraison peuvent varier en fonction du type de commande (personnalis\u00e9e ou pas). Une fois la commande pass\u00e9e, vous recevrez le produit dans les quinze jours qui suivent l&rsquo;accord sur l&rsquo;estampage. Au cas o\u00f9 cela prenait du retard, on vous le signalerait aussit\u00f4t. Et s&rsquo;il vous faut le produit avant les d\u00e9lais pr\u00e9vus, n&rsquo;h\u00e9sitez pas \u00e0 nous contacter : nous ferons de notre mieux pour trouver une date plus convenable.<\/p>\n","protected":false},"excerpt":{"rendered":"<p><strong><span style=\"color: #88c425;\">Prix \u200b\u200bpar bo\u00eete de 100 unit\u00e9s.<br \/>\n<\/span><\/strong><strong>Verre r\u00e9utilisable 28cl<\/strong><strong>.<\/strong><\/p>\n","protected":false},"featured_media":8126,"template":"","meta":{"_et_pb_use_builder":"","_et_pb_old_content":"","_et_gb_content_width":""},"product_cat":[],"product_tag":[],"yoast_head":"<!-- This site is optimized with the Yoast SEO plugin v23.5 - https:\/\/yoast.com\/wordpress\/plugins\/seo\/ -->\n<title>Basoeko 28 - Basorlegi<\/title>\n<meta name=\"robots\" content=\"index, follow, max-snippet:-1, max-image-preview:large, max-video-preview:-1\" \/>\n<link rel=\"canonical\" href=\"https:\/\/basorlegi.eus\/fr\/producto\/basoeko-28\/\" \/>\n<meta property=\"og:locale\" content=\"fr_FR\" \/>\n<meta property=\"og:type\" content=\"article\" \/>\n<meta property=\"og:title\" content=\"Basoeko 28 - Basorlegi\" \/>\n<meta property=\"og:description\" content=\"Prix \u200b\u200bpar bo\u00eete de 100 unit\u00e9s. Verre r\u00e9utilisable 28cl.\" \/>\n<meta property=\"og:url\" content=\"https:\/\/basorlegi.eus\/fr\/producto\/basoeko-28\/\" \/>\n<meta property=\"og:site_name\" content=\"Basorlegi\" \/>\n<meta property=\"article:modified_time\" content=\"2025-01-15T11:39:55+00:00\" \/>\n<meta property=\"og:image\" content=\"https:\/\/basorlegi.eus\/wp-content\/uploads\/2025\/01\/28.png\" \/>\n\t<meta property=\"og:image:width\" content=\"1876\" \/>\n\t<meta property=\"og:image:height\" content=\"1875\" \/>\n\t<meta property=\"og:image:type\" content=\"image\/png\" \/>\n<meta name=\"twitter:card\" content=\"summary_large_image\" \/>\n<meta name=\"twitter:label1\" content=\"Dur\u00e9e de lecture estim\u00e9e\" \/>\n\t<meta name=\"twitter:data1\" content=\"1 minute\" \/>\n<script type=\"application\/ld+json\" class=\"yoast-schema-graph\">{\"@context\":\"https:\/\/schema.org\",\"@graph\":[{\"@type\":\"WebPage\",\"@id\":\"https:\/\/basorlegi.eus\/fr\/producto\/basoeko-28\/\",\"url\":\"https:\/\/basorlegi.eus\/fr\/producto\/basoeko-28\/\",\"name\":\"Basoeko 28 - Basorlegi\",\"isPartOf\":{\"@id\":\"https:\/\/basorlegi.eus\/#website\"},\"primaryImageOfPage\":{\"@id\":\"https:\/\/basorlegi.eus\/fr\/producto\/basoeko-28\/#primaryimage\"},\"image\":{\"@id\":\"https:\/\/basorlegi.eus\/fr\/producto\/basoeko-28\/#primaryimage\"},\"thumbnailUrl\":\"https:\/\/basorlegi.eus\/wp-content\/uploads\/2025\/01\/28.png\",\"datePublished\":\"2025-01-15T10:51:45+00:00\",\"dateModified\":\"2025-01-15T11:39:55+00:00\",\"breadcrumb\":{\"@id\":\"https:\/\/basorlegi.eus\/fr\/producto\/basoeko-28\/#breadcrumb\"},\"inLanguage\":\"fr-FR\",\"potentialAction\":[{\"@type\":\"ReadAction\",\"target\":[\"https:\/\/basorlegi.eus\/fr\/producto\/basoeko-28\/\"]}]},{\"@type\":\"ImageObject\",\"inLanguage\":\"fr-FR\",\"@id\":\"https:\/\/basorlegi.eus\/fr\/producto\/basoeko-28\/#primaryimage\",\"url\":\"https:\/\/basorlegi.eus\/wp-content\/uploads\/2025\/01\/28.png\",\"contentUrl\":\"https:\/\/basorlegi.eus\/wp-content\/uploads\/2025\/01\/28.png\",\"width\":1876,\"height\":1875},{\"@type\":\"BreadcrumbList\",\"@id\":\"https:\/\/basorlegi.eus\/fr\/producto\/basoeko-28\/#breadcrumb\",\"itemListElement\":[{\"@type\":\"ListItem\",\"position\":1,\"name\":\"Portada\",\"item\":\"https:\/\/basorlegi.eus\/fr\/\"},{\"@type\":\"ListItem\",\"position\":2,\"name\":\"Productos\",\"item\":\"https:\/\/basorlegi.eus\/es\/productos\/\"},{\"@type\":\"ListItem\",\"position\":3,\"name\":\"Basoeko 28\"}]},{\"@type\":\"WebSite\",\"@id\":\"https:\/\/basorlegi.eus\/#website\",\"url\":\"https:\/\/basorlegi.eus\/\",\"name\":\"Basorlegi\",\"description\":\"Vasos reciclables y reutilizables personalizados\",\"alternateName\":\"Basorlegi\",\"potentialAction\":[{\"@type\":\"SearchAction\",\"target\":{\"@type\":\"EntryPoint\",\"urlTemplate\":\"https:\/\/basorlegi.eus\/?s={search_term_string}\"},\"query-input\":{\"@type\":\"PropertyValueSpecification\",\"valueRequired\":true,\"valueName\":\"search_term_string\"}}],\"inLanguage\":\"fr-FR\"}]}<\/script>\n<!-- \/ Yoast SEO plugin. -->","yoast_head_json":{"title":"Basoeko 28 - Basorlegi","robots":{"index":"index","follow":"follow","max-snippet":"max-snippet:-1","max-image-preview":"max-image-preview:large","max-video-preview":"max-video-preview:-1"},"canonical":"https:\/\/basorlegi.eus\/fr\/producto\/basoeko-28\/","og_locale":"fr_FR","og_type":"article","og_title":"Basoeko 28 - Basorlegi","og_description":"Prix \u200b\u200bpar bo\u00eete de 100 unit\u00e9s. Verre r\u00e9utilisable 28cl.","og_url":"https:\/\/basorlegi.eus\/fr\/producto\/basoeko-28\/","og_site_name":"Basorlegi","article_modified_time":"2025-01-15T11:39:55+00:00","og_image":[{"width":1876,"height":1875,"url":"https:\/\/basorlegi.eus\/wp-content\/uploads\/2025\/01\/28.png","type":"image\/png"}],"twitter_card":"summary_large_image","twitter_misc":{"Dur\u00e9e de lecture estim\u00e9e":"1 minute"},"schema":{"@context":"https:\/\/schema.org","@graph":[{"@type":"WebPage","@id":"https:\/\/basorlegi.eus\/fr\/producto\/basoeko-28\/","url":"https:\/\/basorlegi.eus\/fr\/producto\/basoeko-28\/","name":"Basoeko 28 - Basorlegi","isPartOf":{"@id":"https:\/\/basorlegi.eus\/#website"},"primaryImageOfPage":{"@id":"https:\/\/basorlegi.eus\/fr\/producto\/basoeko-28\/#primaryimage"},"image":{"@id":"https:\/\/basorlegi.eus\/fr\/producto\/basoeko-28\/#primaryimage"},"thumbnailUrl":"https:\/\/basorlegi.eus\/wp-content\/uploads\/2025\/01\/28.png","datePublished":"2025-01-15T10:51:45+00:00","dateModified":"2025-01-15T11:39:55+00:00","breadcrumb":{"@id":"https:\/\/basorlegi.eus\/fr\/producto\/basoeko-28\/#breadcrumb"},"inLanguage":"fr-FR","potentialAction":[{"@type":"ReadAction","target":["https:\/\/basorlegi.eus\/fr\/producto\/basoeko-28\/"]}]},{"@type":"ImageObject","inLanguage":"fr-FR","@id":"https:\/\/basorlegi.eus\/fr\/producto\/basoeko-28\/#primaryimage","url":"https:\/\/basorlegi.eus\/wp-content\/uploads\/2025\/01\/28.png","contentUrl":"https:\/\/basorlegi.eus\/wp-content\/uploads\/2025\/01\/28.png","width":1876,"height":1875},{"@type":"BreadcrumbList","@id":"https:\/\/basorlegi.eus\/fr\/producto\/basoeko-28\/#breadcrumb","itemListElement":[{"@type":"ListItem","position":1,"name":"Portada","item":"https:\/\/basorlegi.eus\/fr\/"},{"@type":"ListItem","position":2,"name":"Productos","item":"https:\/\/basorlegi.eus\/es\/productos\/"},{"@type":"ListItem","position":3,"name":"Basoeko 28"}]},{"@type":"WebSite","@id":"https:\/\/basorlegi.eus\/#website","url":"https:\/\/basorlegi.eus\/","name":"Basorlegi","description":"Vasos reciclables y reutilizables personalizados","alternateName":"Basorlegi","potentialAction":[{"@type":"SearchAction","target":{"@type":"EntryPoint","urlTemplate":"https:\/\/basorlegi.eus\/?s={search_term_string}"},"query-input":{"@type":"PropertyValueSpecification","valueRequired":true,"valueName":"search_term_string"}}],"inLanguage":"fr-FR"}]}},"_links":{"self":[{"href":"https:\/\/basorlegi.eus\/fr\/wp-json\/wp\/v2\/product\/7727"}],"collection":[{"href":"https:\/\/basorlegi.eus\/fr\/wp-json\/wp\/v2\/product"}],"about":[{"href":"https:\/\/basorlegi.eus\/fr\/wp-json\/wp\/v2\/types\/product"}],"wp:featuredmedia":[{"embeddable":true,"href":"https:\/\/basorlegi.eus\/fr\/wp-json\/wp\/v2\/media\/8126"}],"wp:attachment":[{"href":"https:\/\/basorlegi.eus\/fr\/wp-json\/wp\/v2\/media?parent=7727"}],"wp:term":[{"taxonomy":"product_cat","embeddable":true,"href":"https:\/\/basorlegi.eus\/fr\/wp-json\/wp\/v2\/product_cat?post=7727"},{"taxonomy":"product_tag","embeddable":true,"href":"https:\/\/basorlegi.eus\/fr\/wp-json\/wp\/v2\/product_tag?post=7727"}],"curies":[{"name":"wp","href":"https:\/\/api.w.org\/{rel}","templated":true}]}}